{"id":16447,"date":"2019-11-11T13:07:56","date_gmt":"2019-11-11T12:07:56","guid":{"rendered":"https:\/\/rechtsanwalt-berlin-charlottenburg.de\/?page_id=16447"},"modified":"2025-02-07T15:55:43","modified_gmt":"2025-02-07T14:55:43","slug":"la-abogada-vera-mueller","status":"publish","type":"page","link":"https:\/\/rechtsanwalt-berlin-charlottenburg.de\/es\/la-abogada-vera-mueller\/","title":{"rendered":"Firma De Abogados Vera Zambrano <br\/> y Asociados"},"content":{"rendered":"<div class=\"wpb-content-wrapper\"><p>[vc_row css_animation=\u00bb\u00bb row_type=\u00bbrow\u00bb use_row_as_full_screen_section=\u00bbno\u00bb type=\u00bbgrid\u00bb angled_section=\u00bbno\u00bb text_align=\u00bbleft\u00bb background_image_as_pattern=\u00bbwithout_pattern\u00bb z_index=\u00bb\u00bb css=\u00bb.vc_custom_1579282893313{padding-top: 33px !important;}\u00bb][vc_column width=\u00bb1\/3&#8243;][vc_single_image image=\u00bb17370&#8243; img_size=\u00bbfull\u00bb alignment=\u00bbcenter\u00bb qode_css_animation=\u00bb\u00bb][\/vc_column][vc_column width=\u00bb1\/3&#8243;][vc_single_image image=\u00bb16692&#8243; img_size=\u00bbfull\u00bb qode_css_animation=\u00bb\u00bb][vc_single_image image=\u00bb16689&#8243; img_size=\u00bbfull\u00bb qode_css_animation=\u00bb\u00bb][\/vc_column][vc_column width=\u00bb1\/3&#8243;][vc_raw_html]JTNDaWZyYW1lJTIwdGl0bGUlM0QlMjJZb3VUdWJlJTIwdmlkZW8lMjBwbGF5ZXIlMjIlMjBzcmMlM0QlMjJodHRwcyUzQSUyRiUyRnd3dy55b3V0dWJlLW5vY29va2llLmNvbSUyRmVtYmVkJTJGb3RZcERVTXVMc2MlMjIlMjB3aWR0aCUzRCUyMjEwMCUyNSUyMiUyMGhlaWdodCUzRCUyMjIyNSUyMiUyMGZyYW1lYm9yZGVyJTNEJTIyMCUyMiUyMGFsbG93ZnVsbHNjcmVlbiUzRCUyMmFsbG93ZnVsbHNjcmVlbiUyMiUzRSUzQyUyRmlmcmFtZSUzRQ==[\/vc_raw_html][vc_raw_html]JTNDaWZyYW1lJTIwdGl0bGUlM0QlMjJZb3VUdWJlJTIwdmlkZW8lMjBwbGF5ZXIlMjIlMjBzcmMlM0QlMjJodHRwcyUzQSUyRiUyRnd3dy55b3V0dWJlLW5vY29va2llLmNvbSUyRmVtYmVkJTJGLXZ5dDYxY0hWSG8lMjIlMjB3aWR0aCUzRCUyMjEwMCUyNSUyMiUyMGhlaWdodCUzRCUyMjIyNSUyMiUyMGZyYW1lYm9yZGVyJTNEJTIyMCUyMiUyMGFsbG93ZnVsbHNjcmVlbiUzRCUyMmFsbG93ZnVsbHNjcmVlbiUyMiUzRSUzQyUyRmlmcmFtZSUzRQ==[\/vc_raw_html][\/vc_column][\/vc_row][vc_row css_animation=\u00bb\u00bb row_type=\u00bbrow\u00bb use_row_as_full_screen_section=\u00bbno\u00bb type=\u00bbgrid\u00bb angled_section=\u00bbno\u00bb text_align=\u00bbcenter\u00bb background_image_as_pattern=\u00bbwithout_pattern\u00bb padding_top=\u00bb40&#8243; padding_bottom=\u00bb0&#8243; el_class=\u00bbicon_border\u00bb z_index=\u00bb\u00bb][vc_column][vc_separator type=\u00bbtransparent\u00bb up=\u00bb20&#8243; down=\u00bb0&#8243;][vc_separator type=\u00bbsmall\u00bb position=\u00bbcenter\u00bb up=\u00bb33&#8243; down=\u00bb58&#8243;][vc_row_inner row_type=\u00bbrow\u00bb type=\u00bbfull_width\u00bb text_align=\u00bbleft\u00bb css_animation=\u00bb\u00bb][vc_column_inner width=\u00bb1\/2&#8243;][vc_column_text css=\u00bb\u00bb]<\/p>\n<p style=\"text-align: center;\"><strong><span style=\"font-size: 18pt;\">Bufete de abogados internacional<\/span><\/strong><\/p>\n<p style=\"text-align: center;\"><strong><span style=\"font-size: 14pt;\">Su firma de abogados para el<br \/>\nDerecho Nacional e Internacional.<\/span><\/strong><\/p>\n<p>&nbsp;<\/p>\n<p>La Abogada Principal Vera Zambrano (anteriormente Mueller) est\u00e1 casada y es la orgullosa madre de gemelos (actualmente) y contin\u00faa ampliando su familia.<\/p>\n<p>&nbsp;<\/p>\n<p>La Abogada Principal fund\u00f3 su propio despacho de abogados en Berl\u00edn, Alemania, a la edad de 28 a\u00f1os y poco despu\u00e9s expandi\u00f3 su pr\u00e1ctica legal a nivel internacional con un enfoque en el derecho nacional e internacional.<\/p>\n<p>&nbsp;<\/p>\n<p>En particular, el Derecho Privado Alem\u00e1n e Internacional,<br \/>\nel Derecho de la M\u00fasica Alem\u00e1n e Internacional,<br \/>\nel Derecho de Familia Alem\u00e1n e Internacional,<br \/>\nel Derecho Penal Alem\u00e1n e Internacional,<br \/>\nel Derecho de Arrendamiento y Bienes Ra\u00edces Alem\u00e1n,<br \/>\nel Derecho Laboral Alem\u00e1n,<br \/>\ny el Derecho de Responsabilidad Civil Internacional (EE. UU. &#8211; Alemania).<\/p>\n<p>&nbsp;<\/p>\n<p>El equipo legal del bufete es internacional. Los empleados son altamente calificados en las diferentes \u00e1reas del derecho y pueden ser contactados las 24 horas del d\u00eda, los 7 d\u00edas de la semana, por tel\u00e9fono y correo electr\u00f3nico, as\u00ed como en persona con una cita programada. Programamos la primera consulta dentro de las 12 horas para nuestros clientes. El equipo habla alem\u00e1n, ingl\u00e9s, espa\u00f1ol, italiano, franc\u00e9s, ruso y ucraniano.[\/vc_column_text][vc_separator type=\u00bbtransparent\u00bb up=\u00bb43&#8243; down=\u00bb0&#8243;][\/vc_column_inner][vc_column_inner width=\u00bb1\/2&#8243;][vc_column_text]<\/p>\n<p>&nbsp;<\/p>\n<p>&nbsp;<\/p>\n<p>&nbsp;<\/p>\n<p>&nbsp;<\/p>\n<p>&nbsp;<\/p>\n<p>Redes y Afiliaciones:<\/p>\n<p>Colegio de Abogados de Berl\u00edn<br \/>\nDepartamento Estatal de Asuntos Internos de Berl\u00edn<br \/>\nMinisterio Federal del Interior de Alemania<br \/>\nAsociaci\u00f3n de Abogados de Alemania<br \/>\nAnwalt.de<br \/>\nAsociaci\u00f3n de Abogados Germano-Americanos<br \/>\nSouth Florida Professionals<br \/>\nLegalGlobal.com<\/p>\n<p>&nbsp;<\/p>\n<p>Formaci\u00f3n Avanzada:<br \/>\nDerecho de Mediaci\u00f3n (resoluci\u00f3n de conflictos extrajudicial)<br \/>\nInterrogatorio y pregunta en el tribunal<br \/>\nPsicolog\u00eda de los m\u00e9todos de interrogatorio<br \/>\nAutogesti\u00f3n en la insolvencia<br \/>\nLas \u00faltimas novedades en derecho empresarial<br \/>\nDesarrollos en derecho internacional de familia[\/vc_column_text][vc_separator type=\u00bbtransparent\u00bb up=\u00bb1&#8243; down=\u00bb0&#8243;][vc_separator type=\u00bbtransparent\u00bb up=\u00bb43&#8243; down=\u00bb0&#8243;][\/vc_column_inner][\/vc_row_inner][\/vc_column][\/vc_row][vc_row css_animation=\u00bb\u00bb row_type=\u00bbrow\u00bb use_row_as_full_screen_section=\u00bbno\u00bb type=\u00bbfull_width\u00bb angled_section=\u00bbno\u00bb text_align=\u00bbcenter\u00bb background_image_as_pattern=\u00bbwithout_pattern\u00bb el_class=\u00bbiconsection\u00bb][vc_column]<span data-type=\"circle\"   class=\"qode_icon_shortcode fa-stack q_font_awsome_icon_stack fa-4x pull-center \" style=\" \"><i class=\"fa fa-circle fa-stack-base fa-stack-2x\" style=\"color: #3892c6;\"><\/i><i class=\"qode_icon_font_awesome fa fa-university qode_icon_element fa-stack-1x\" style=\"font-size: 51px;color: #ffffff;\" ><\/i><\/span>[\/vc_column][\/vc_row][vc_row css_animation=\u00bb\u00bb row_type=\u00bbrow\u00bb use_row_as_full_screen_section=\u00bbno\u00bb type=\u00bbgrid\u00bb angled_section=\u00bbno\u00bb text_align=\u00bbcenter\u00bb background_image_as_pattern=\u00bbwithout_pattern\u00bb background_color=\u00bb#3892c6&#8243; padding_top=\u00bb45&#8243; padding_bottom=\u00bb45&#8243;][vc_column][vc_column_text]<\/p>\n<p style=\"text-align: center;\"><span style=\"font-size: 18pt;\"><strong>\u00bfTiene alguna pregunta o necesita<br \/>\n<\/strong><\/span><\/p>\n<p>&nbsp;<\/p>\n<p style=\"text-align: center;\"><span style=\"font-size: 18pt;\"><strong> asesoramiento o representaci\u00f3n en otras<br \/>\n<\/strong><\/span><\/p>\n<p>&nbsp;<\/p>\n<p style=\"text-align: center;\"><span style=\"font-size: 18pt;\"><strong> \u00e1reas legales?<\/strong><\/span><\/p>\n<p>&nbsp;<\/p>\n<p style=\"text-align: center;\"><span style=\"font-size: 18pt;\"><strong>Nuestros experimentados socios de<\/strong><\/span><\/p>\n<p>&nbsp;<\/p>\n<p style=\"text-align: center;\"><span style=\"font-size: 18pt;\"><strong> cooperaci\u00f3n est\u00e1n trabajando en el lugar.<\/strong><\/span><\/p>\n<p>&nbsp;<\/p>\n<p style=\"text-align: center;\"><span style=\"font-size: 18pt;\"><strong>P\u00f3ngase en contacto con nosotros hoy mismo.<\/strong><\/span><\/p>\n<p>[\/vc_column_text][\/vc_column][\/vc_row][vc_row css_animation=\u00bb\u00bb row_type=\u00bbrow\u00bb use_row_as_full_screen_section=\u00bbno\u00bb type=\u00bbfull_width\u00bb angled_section=\u00bbno\u00bb text_align=\u00bbleft\u00bb background_image_as_pattern=\u00bbwithout_pattern\u00bb][vc_column][vc_column_text]<\/p>\n<p>[\/vc_column_text][\/vc_column][\/vc_row][vc_row css_animation=\u00bb\u00bb row_type=\u00bbrow\u00bb use_row_as_full_screen_section=\u00bbno\u00bb type=\u00bbgrid\u00bb angled_section=\u00bbno\u00bb text_align=\u00bbleft\u00bb background_image_as_pattern=\u00bbwithout_pattern\u00bb css=\u00bb.vc_custom_1673884340517{padding-top: 40px !important;padding-bottom: 50px !important;}\u00bb z_index=\u00bb\u00bb][vc_column width=\u00bb1\/2&#8243; el_id=\u00bbjobs\u00bb][vc_column_text]<\/p>\n<h2><span class=\"VIiyi\" lang=\"es\"><span class=\"JLqJ4b ChMk0b\" data-language-for-alternatives=\"es\" data-language-to-translate-into=\"de\" data-phrase-index=\"0\">Ponerse en contacto&#8230;<\/span><\/span><\/h2>\n<p>[\/vc_column_text][vc_empty_space][vc_column_text]<strong><span lang=\"es\">Vera Zambrano &amp; Team<br \/>\n(n\u00e9e Vera Mueller)<br \/>\nbufete de abogados<br \/>\nDerecho internacional<\/span><\/strong><\/p>\n<p><span lang=\"es\">Kurfuerstendamm 234,<br \/>\n10719 Berlin, Alemania<\/span><\/p>\n<p>&nbsp;<\/p>\n<p><span lang=\"es\">Tel: +49 30 303660260<br \/>\nTel.: <a href=\"tel:+13053289556\">+1 305 328-9556<\/a><br \/>\nFax: 030 3036 60259<br \/>\nMail: <a href=\"mailto:info@lawyer-berlin.com\" target=\"_blank\" rel=\"noopener\">info@lawyer-berlin.com<\/a><\/span>[\/vc_column_text][vc_separator type=\u00bbnormal\u00bb color=\u00bb#a69374&#8243;][vc_column_text]<span lang=\"es\">Tenga en cuenta: <\/span><\/p>\n<p><span lang=\"es\">Las horas de consulta se programan individualmente.<br \/>\n<\/span><span lang=\"es\">Las citas se pueden hacer por tel\u00e9fono. <\/span>[\/vc_column_text][vc_separator type=\u00bbnormal\u00bb color=\u00bb#a69374&#8243;][vc_raw_html]JTVCaWNvbnMlMjBpY29uJTNEJTIyZmEtZmFjZWJvb2slMjIlMjBzaXplJTNEJTIyZmEtbGclMjIlMjBjdXN0b21fc2l6ZSUzRCUyMjMxJTIyJTIwdHlwZSUzRCUyMmNpcmNsZSUyMiUyMGJvcmRlciUzRCUyMnllcyUyMiUyMGxpbmslM0QlMjJodHRwcyUzQSUyRiUyRnd3dy5mYWNlYm9vay5jb20lMkZMYXdGaXJtVi5aYW1icmFubyUyMiUyMHRhcmdldCUzRCUyMl9ibGFuayUyMiUyMGljb25fY29sb3IlM0QlMjIlMjNmZmZmZmYlMjIlMjBiYWNrZ3JvdW5kX2NvbG9yJTNEJTIyJTIzNDU1NjYzJTIyJTIwbWFyZ2luJTNEJTIyMCUyMDAlMjAwJTIwMCUyMiU1RCUyNm5ic3AlM0IlMjAlN0MlMjAlMjAlMjZuYnNwJTNCJTBBJTBBJTNDc3Ryb25nJTNFJTNDc3BhbiUyMHN0eWxlJTNEJTIyY29sb3IlM0ElMjAlMjNmZmZmZmYlM0IlMjBmb250LXNpemUlM0ElMjAxM3B0JTNCJTIyJTNFJTNDYSUyMHN0eWxlJTNEJTIyY29sb3IlM0ElMjAlMjMwMDAwMDAlM0IlMjIlMjBocmVmJTNEJTIyaHR0cHMlM0ElMkYlMkZ3d3cuYW53YWx0LmRlJTJGdmVyYS1tdWVsbGVyJTIyJTIwdGFyZ2V0JTNEJTIyX2JsYW5rJTIyJTIwcmVsJTNEJTIybm9vcGVuZXIlMjBub3JlZmVycmVyJTIyJTNFbGF3eWVyJTIwJTJGJTIwQW53YWx0LmRlJTIwcHJvZmlsZSUzQyUyRmElM0UlM0MlMkZzcGFuJTNFJTNDJTJGc3Ryb25nJTNF[\/vc_raw_html][vc_separator type=\u00bbtransparent\u00bb up=\u00bb6&#8243; down=\u00bb6&#8243;][vc_empty_space][\/vc_column][vc_column width=\u00bb1\/2&#8243;][vc_column_text]<\/p>\n<h2><span class=\"VIiyi\" lang=\"es\"><span class=\"JLqJ4b ChMk0b\" data-language-for-alternatives=\"es\" data-language-to-translate-into=\"de\" data-phrase-index=\"0\">Formulario de contacto<\/span><\/span><\/h2>\n<p>[\/vc_column_text][vc_empty_space][vc_raw_html]JTVCZmMlMjBpZCUzRCUyNzQlMjclNUQlNUIlMkZmYyU1RA==[\/vc_raw_html][vc_empty_space][\/vc_column][\/vc_row]<\/p>\n<\/div>","protected":false},"excerpt":{"rendered":"<p>[vc_row css_animation=\u00bb\u00bb row_type=\u00bbrow\u00bb use_row_as_full_screen_section=\u00bbno\u00bb type=\u00bbgrid\u00bb angled_section=\u00bbno\u00bb text_align=\u00bbleft\u00bb background_image_as_pattern=\u00bbwithout_pattern\u00bb z_index=\u00bb\u00bb css=\u00bb.vc_custom_1579282893313{padding-top: 33px !important;}\u00bb][vc_column width=\u00bb1\/3&#8243;][vc_single_image image=\u00bb17370&#8243; img_size=\u00bbfull\u00bb alignment=\u00bbcenter\u00bb qode_css_animation=\u00bb\u00bb][\/vc_column][vc_column width=\u00bb1\/3&#8243;][vc_single_image image=\u00bb16692&#8243; img_size=\u00bbfull\u00bb qode_css_animation=\u00bb\u00bb][vc_single_image image=\u00bb16689&#8243; img_size=\u00bbfull\u00bb qode_css_animation=\u00bb\u00bb][\/vc_column][vc_column width=\u00bb1\/3&#8243;][vc_raw_html]JTNDaWZyYW1lJTIwdGl0bGUlM0QlMjJZb3VUdWJlJTIwdmlkZW8lMjBwbGF5ZXIlMjIlMjBzcmMlM0QlMjJodHRwcyUzQSUyRiUyRnd3dy55b3V0dWJlLW5vY29va2llLmNvbSUyRmVtYmVkJTJGb3RZcERVTXVMc2MlMjIlMjB3aWR0aCUzRCUyMjEwMCUyNSUyMiUyMGhlaWdodCUzRCUyMjIyNSUyMiUyMGZyYW1lYm9yZGVyJTNEJTIyMCUyMiUyMGFsbG93ZnVsbHNjcmVlbiUzRCUyMmFsbG93ZnVsbHNjcmVlbiUyMiUzRSUzQyUyRmlmcmFtZSUzRQ==[\/vc_raw_html][vc_raw_html]JTNDaWZyYW1lJTIwdGl0bGUlM0QlMjJZb3VUdWJlJTIwdmlkZW8lMjBwbGF5ZXIlMjIlMjBzcmMlM0QlMjJodHRwcyUzQSUyRiUyRnd3dy55b3V0dWJlLW5vY29va2llLmNvbSUyRmVtYmVkJTJGLXZ5dDYxY0hWSG8lMjIlMjB3aWR0aCUzRCUyMjEwMCUyNSUyMiUyMGhlaWdodCUzRCUyMjIyNSUyMiUyMGZyYW1lYm9yZGVyJTNEJTIyMCUyMiUyMGFsbG93ZnVsbHNjcmVlbiUzRCUyMmFsbG93ZnVsbHNjcmVlbiUyMiUzRSUzQyUyRmlmcmFtZSUzRQ==[\/vc_raw_html][\/vc_column][\/vc_row][vc_row css_animation=\u00bb\u00bb row_type=\u00bbrow\u00bb use_row_as_full_screen_section=\u00bbno\u00bb type=\u00bbgrid\u00bb angled_section=\u00bbno\u00bb text_align=\u00bbcenter\u00bb background_image_as_pattern=\u00bbwithout_pattern\u00bb padding_top=\u00bb40&#8243; padding_bottom=\u00bb0&#8243; el_class=\u00bbicon_border\u00bb z_index=\u00bb\u00bb][vc_column][vc_separator type=\u00bbtransparent\u00bb up=\u00bb20&#8243; down=\u00bb0&#8243;][vc_separator type=\u00bbsmall\u00bb position=\u00bbcenter\u00bb up=\u00bb33&#8243; down=\u00bb58&#8243;][vc_row_inner row_type=\u00bbrow\u00bb type=\u00bbfull_width\u00bb&#8230;<\/p>\n","protected":false},"author":1,"featured_media":0,"parent":0,"menu_order":0,"comment_status":"closed","ping_status":"closed","template":"full_width.php","meta":{"footnotes":""},"class_list":["post-16447","page","type-page","status-publish","hentry"],"yoast_head":"<!-- This site is optimized with the Yoast SEO plugin v25.8 - https:\/\/yoast.com\/wordpress\/plugins\/seo\/ -->\n<title>La abogada Vera Zambrano &amp; Team \u2705 Ley internacional<\/title>\n<meta name=\"description\" content=\"La abogada Vera Zambrano &amp; Team (n\u00e9e Vera Mueller) \u2705 Ley internacional \u2706 +49 30 303660260 \u2706 (+1)305 328-9556\" \/>\n<meta name=\"robots\" content=\"index, follow, max-snippet:-1, max-image-preview:large, max-video-preview:-1\" \/>\n<link rel=\"canonical\" href=\"https:\/\/rechtsanwalt-berlin-charlottenburg.de\/es\/la-abogada-vera-mueller\/\" \/>\n<meta property=\"og:locale\" content=\"es_ES\" \/>\n<meta property=\"og:type\" content=\"article\" \/>\n<meta property=\"og:title\" content=\"La abogada Vera Zambrano &amp; Team \u2705 Ley internacional\" \/>\n<meta property=\"og:description\" content=\"La abogada Vera Zambrano &amp; Team (n\u00e9e Vera Mueller) \u2705 Ley internacional \u2706 +49 30 303660260 \u2706 (+1)305 328-9556\" \/>\n<meta property=\"og:url\" content=\"https:\/\/rechtsanwalt-berlin-charlottenburg.de\/es\/la-abogada-vera-mueller\/\" \/>\n<meta property=\"article:modified_time\" content=\"2025-02-07T14:55:43+00:00\" \/>\n<meta name=\"twitter:card\" content=\"summary_large_image\" \/>\n<meta name=\"twitter:label1\" content=\"Tiempo de lectura\" \/>\n\t<meta name=\"twitter:data1\" content=\"3 minutos\" \/>\n<script type=\"application\/ld+json\" class=\"yoast-schema-graph\">{\"@context\":\"https:\/\/schema.org\",\"@graph\":[{\"@type\":\"WebPage\",\"@id\":\"https:\/\/rechtsanwalt-berlin-charlottenburg.de\/es\/la-abogada-vera-mueller\/\",\"url\":\"https:\/\/rechtsanwalt-berlin-charlottenburg.de\/es\/la-abogada-vera-mueller\/\",\"name\":\"La abogada Vera Zambrano & Team \u2705 Ley internacional\",\"isPartOf\":{\"@id\":\"https:\/\/rechtsanwalt-berlin-charlottenburg.de\/#website\"},\"datePublished\":\"2019-11-11T12:07:56+00:00\",\"dateModified\":\"2025-02-07T14:55:43+00:00\",\"description\":\"La abogada Vera Zambrano & Team (n\u00e9e Vera Mueller) \u2705 Ley internacional \u2706 +49 30 303660260 \u2706 (+1)305 328-9556\",\"breadcrumb\":{\"@id\":\"https:\/\/rechtsanwalt-berlin-charlottenburg.de\/es\/la-abogada-vera-mueller\/#breadcrumb\"},\"inLanguage\":\"es\",\"potentialAction\":[{\"@type\":\"ReadAction\",\"target\":[\"https:\/\/rechtsanwalt-berlin-charlottenburg.de\/es\/la-abogada-vera-mueller\/\"]}]},{\"@type\":\"BreadcrumbList\",\"@id\":\"https:\/\/rechtsanwalt-berlin-charlottenburg.de\/es\/la-abogada-vera-mueller\/#breadcrumb\",\"itemListElement\":[{\"@type\":\"ListItem\",\"position\":1,\"name\":\"Startseite\",\"item\":\"https:\/\/rechtsanwalt-berlin-charlottenburg.de\/es\/la-abogada-vera-mueller-usa-miami-2-2\/\"},{\"@type\":\"ListItem\",\"position\":2,\"name\":\"Firma De Abogados Vera Zambrano y Asociados\"}]},{\"@type\":\"WebSite\",\"@id\":\"https:\/\/rechtsanwalt-berlin-charlottenburg.de\/#website\",\"url\":\"https:\/\/rechtsanwalt-berlin-charlottenburg.de\/\",\"name\":\"\",\"description\":\"\",\"publisher\":{\"@id\":\"https:\/\/rechtsanwalt-berlin-charlottenburg.de\/#organization\"},\"potentialAction\":[{\"@type\":\"SearchAction\",\"target\":{\"@type\":\"EntryPoint\",\"urlTemplate\":\"https:\/\/rechtsanwalt-berlin-charlottenburg.de\/?s={search_term_string}\"},\"query-input\":{\"@type\":\"PropertyValueSpecification\",\"valueRequired\":true,\"valueName\":\"search_term_string\"}}],\"inLanguage\":\"es\"},{\"@type\":\"Organization\",\"@id\":\"https:\/\/rechtsanwalt-berlin-charlottenburg.de\/#organization\",\"name\":\"Rechtsanwaltskanzlei - Rechtsanw\u00e4ltin Vera Mueller & Team\",\"url\":\"https:\/\/rechtsanwalt-berlin-charlottenburg.de\/\",\"logo\":{\"@type\":\"ImageObject\",\"inLanguage\":\"es\",\"@id\":\"https:\/\/rechtsanwalt-berlin-charlottenburg.de\/#\/schema\/logo\/image\/\",\"url\":\"https:\/\/rechtsanwalt-berlin-charlottenburg.de\/wp-content\/uploads\/rechtsanwalt-berlin-deutschland-lawyer-usa-miami-vera-mueller.jpeg\",\"contentUrl\":\"https:\/\/rechtsanwalt-berlin-charlottenburg.de\/wp-content\/uploads\/rechtsanwalt-berlin-deutschland-lawyer-usa-miami-vera-mueller.jpeg\",\"width\":678,\"height\":817,\"caption\":\"Rechtsanwaltskanzlei - Rechtsanw\u00e4ltin Vera Mueller & Team\"},\"image\":{\"@id\":\"https:\/\/rechtsanwalt-berlin-charlottenburg.de\/#\/schema\/logo\/image\/\"}}]}<\/script>\n<!-- \/ Yoast SEO plugin. -->","yoast_head_json":{"title":"La abogada Vera Zambrano & Team \u2705 Ley internacional","description":"La abogada Vera Zambrano & Team (n\u00e9e Vera Mueller) \u2705 Ley internacional \u2706 +49 30 303660260 \u2706 (+1)305 328-9556","robots":{"index":"index","follow":"follow","max-snippet":"max-snippet:-1","max-image-preview":"max-image-preview:large","max-video-preview":"max-video-preview:-1"},"canonical":"https:\/\/rechtsanwalt-berlin-charlottenburg.de\/es\/la-abogada-vera-mueller\/","og_locale":"es_ES","og_type":"article","og_title":"La abogada Vera Zambrano & Team \u2705 Ley internacional","og_description":"La abogada Vera Zambrano & Team (n\u00e9e Vera Mueller) \u2705 Ley internacional \u2706 +49 30 303660260 \u2706 (+1)305 328-9556","og_url":"https:\/\/rechtsanwalt-berlin-charlottenburg.de\/es\/la-abogada-vera-mueller\/","article_modified_time":"2025-02-07T14:55:43+00:00","twitter_card":"summary_large_image","twitter_misc":{"Tiempo de lectura":"3 minutos"},"schema":{"@context":"https:\/\/schema.org","@graph":[{"@type":"WebPage","@id":"https:\/\/rechtsanwalt-berlin-charlottenburg.de\/es\/la-abogada-vera-mueller\/","url":"https:\/\/rechtsanwalt-berlin-charlottenburg.de\/es\/la-abogada-vera-mueller\/","name":"La abogada Vera Zambrano & Team \u2705 Ley internacional","isPartOf":{"@id":"https:\/\/rechtsanwalt-berlin-charlottenburg.de\/#website"},"datePublished":"2019-11-11T12:07:56+00:00","dateModified":"2025-02-07T14:55:43+00:00","description":"La abogada Vera Zambrano & Team (n\u00e9e Vera Mueller) \u2705 Ley internacional \u2706 +49 30 303660260 \u2706 (+1)305 328-9556","breadcrumb":{"@id":"https:\/\/rechtsanwalt-berlin-charlottenburg.de\/es\/la-abogada-vera-mueller\/#breadcrumb"},"inLanguage":"es","potentialAction":[{"@type":"ReadAction","target":["https:\/\/rechtsanwalt-berlin-charlottenburg.de\/es\/la-abogada-vera-mueller\/"]}]},{"@type":"BreadcrumbList","@id":"https:\/\/rechtsanwalt-berlin-charlottenburg.de\/es\/la-abogada-vera-mueller\/#breadcrumb","itemListElement":[{"@type":"ListItem","position":1,"name":"Startseite","item":"https:\/\/rechtsanwalt-berlin-charlottenburg.de\/es\/la-abogada-vera-mueller-usa-miami-2-2\/"},{"@type":"ListItem","position":2,"name":"Firma De Abogados Vera Zambrano y Asociados"}]},{"@type":"WebSite","@id":"https:\/\/rechtsanwalt-berlin-charlottenburg.de\/#website","url":"https:\/\/rechtsanwalt-berlin-charlottenburg.de\/","name":"","description":"","publisher":{"@id":"https:\/\/rechtsanwalt-berlin-charlottenburg.de\/#organization"},"potentialAction":[{"@type":"SearchAction","target":{"@type":"EntryPoint","urlTemplate":"https:\/\/rechtsanwalt-berlin-charlottenburg.de\/?s={search_term_string}"},"query-input":{"@type":"PropertyValueSpecification","valueRequired":true,"valueName":"search_term_string"}}],"inLanguage":"es"},{"@type":"Organization","@id":"https:\/\/rechtsanwalt-berlin-charlottenburg.de\/#organization","name":"Rechtsanwaltskanzlei - Rechtsanw\u00e4ltin Vera Mueller & Team","url":"https:\/\/rechtsanwalt-berlin-charlottenburg.de\/","logo":{"@type":"ImageObject","inLanguage":"es","@id":"https:\/\/rechtsanwalt-berlin-charlottenburg.de\/#\/schema\/logo\/image\/","url":"https:\/\/rechtsanwalt-berlin-charlottenburg.de\/wp-content\/uploads\/rechtsanwalt-berlin-deutschland-lawyer-usa-miami-vera-mueller.jpeg","contentUrl":"https:\/\/rechtsanwalt-berlin-charlottenburg.de\/wp-content\/uploads\/rechtsanwalt-berlin-deutschland-lawyer-usa-miami-vera-mueller.jpeg","width":678,"height":817,"caption":"Rechtsanwaltskanzlei - Rechtsanw\u00e4ltin Vera Mueller & Team"},"image":{"@id":"https:\/\/rechtsanwalt-berlin-charlottenburg.de\/#\/schema\/logo\/image\/"}}]}},"_links":{"self":[{"href":"https:\/\/rechtsanwalt-berlin-charlottenburg.de\/es\/wp-json\/wp\/v2\/pages\/16447","targetHints":{"allow":["GET"]}}],"collection":[{"href":"https:\/\/rechtsanwalt-berlin-charlottenburg.de\/es\/wp-json\/wp\/v2\/pages"}],"about":[{"href":"https:\/\/rechtsanwalt-berlin-charlottenburg.de\/es\/wp-json\/wp\/v2\/types\/page"}],"author":[{"embeddable":true,"href":"https:\/\/rechtsanwalt-berlin-charlottenburg.de\/es\/wp-json\/wp\/v2\/users\/1"}],"replies":[{"embeddable":true,"href":"https:\/\/rechtsanwalt-berlin-charlottenburg.de\/es\/wp-json\/wp\/v2\/comments?post=16447"}],"version-history":[{"count":21,"href":"https:\/\/rechtsanwalt-berlin-charlottenburg.de\/es\/wp-json\/wp\/v2\/pages\/16447\/revisions"}],"predecessor-version":[{"id":18801,"href":"https:\/\/rechtsanwalt-berlin-charlottenburg.de\/es\/wp-json\/wp\/v2\/pages\/16447\/revisions\/18801"}],"wp:attachment":[{"href":"https:\/\/rechtsanwalt-berlin-charlottenburg.de\/es\/wp-json\/wp\/v2\/media?parent=16447"}],"curies":[{"name":"wp","href":"https:\/\/api.w.org\/{rel}","templated":true}]}}