{"id":16497,"date":"2019-11-11T15:36:21","date_gmt":"2019-11-11T14:36:21","guid":{"rendered":"https:\/\/rechtsanwalt-berlin-charlottenburg.de\/?page_id=16497"},"modified":"2025-07-07T16:36:08","modified_gmt":"2025-07-07T14:36:08","slug":"el-costo-del-asesoramiento-legal-3","status":"publish","type":"page","link":"https:\/\/rechtsanwalt-berlin-charlottenburg.de\/es\/el-costo-del-asesoramiento-legal-3\/","title":{"rendered":"El costo del asesoramiento legal"},"content":{"rendered":"<div class=\"wpb-content-wrapper\"><p>[vc_row css_animation=\u00bb\u00bb row_type=\u00bbrow\u00bb use_row_as_full_screen_section=\u00bbno\u00bb type=\u00bbgrid\u00bb angled_section=\u00bbno\u00bb text_align=\u00bbleft\u00bb background_image_as_pattern=\u00bbwithout_pattern\u00bb css=\u00bb.vc_custom_1516722694940{padding-top: 50px !important;background-color: #afc9db!important;}\u00bb z_index=\u00bb\u00bb][vc_column width=\u00bb1\/2&#8243;][vc_separator type=\u00bbtransparent\u00bb up=\u00bb7&#8243; down=\u00bb0&#8243;][vc_column_text]<\/p>\n<h2 style=\"text-align: left;\">Principios<\/h2>\n<p>[\/vc_column_text][vc_separator type=\u00bbsmall\u00bb position=\u00bbleft\u00bb up=\u00bb20&#8243; down=\u00bb20&#8243;][vc_column_text css=\u00bb\u00bb]El costo de la primera consulta legal se basa en las disposiciones legales, la Ley de Remuneraci\u00f3n de Abogados en Alemania (RVG).<\/p>\n<p>Todas las preguntas sobre su asunto legal ser\u00e1n respondidas durante su consulta inicial.<\/p>\n<p>&nbsp;<\/p>\n<p>La representaci\u00f3n legal adicional se facturar\u00e1 con honorarios (ya sea por hora o con una tarifa fija). No dude en contactarnos para que podamos elegir la mejor opci\u00f3n para usted.[\/vc_column_text][vc_separator type=\u00bbtransparent\u00bb up=\u00bb15&#8243; down=\u00bb0&#8243;][vc_empty_space][\/vc_column][vc_column width=\u00bb1\/2&#8243;][vc_separator type=\u00bbtransparent\u00bb up=\u00bb4&#8243; down=\u00bb0&#8243;][vc_separator type=\u00bbsmall\u00bb position=\u00bbleft\u00bb up=\u00bb20&#8243; down=\u00bb20&#8243;][vc_separator type=\u00bbtransparent\u00bb up=\u00bb0&#8243; down=\u00bb20&#8243;][vc_empty_space][\/vc_column][\/vc_row][vc_row css_animation=\u00bb\u00bb row_type=\u00bbrow\u00bb use_row_as_full_screen_section=\u00bbno\u00bb type=\u00bbfull_width\u00bb angled_section=\u00bbno\u00bb text_align=\u00bbleft\u00bb background_image_as_pattern=\u00bbwithout_pattern\u00bb][vc_column][vc_separator type=\u00bbtransparent\u00bb up=\u00bb0&#8243; down=\u00bb0&#8243;][\/vc_column][\/vc_row][vc_row css_animation=\u00bb\u00bb row_type=\u00bbrow\u00bb use_row_as_full_screen_section=\u00bbno\u00bb type=\u00bbgrid\u00bb angled_section=\u00bbno\u00bb text_align=\u00bbleft\u00bb background_image_as_pattern=\u00bbwithout_pattern\u00bb background_color=\u00bb#ffffff\u00bb padding_top=\u00bb87&#8243; css=\u00bb.vc_custom_1513762515442{background-color: #7fbadc !important;}\u00bb z_index=\u00bb\u00bb][vc_column width=\u00bb1\/2&#8243;][vc_separator type=\u00bbtransparent\u00bb up=\u00bb4&#8243; down=\u00bb0&#8243;][vc_separator type=\u00bbtransparent\u00bb up=\u00bb0&#8243; down=\u00bb20&#8243;][vc_separator type=\u00bbtransparent\u00bb up=\u00bb15&#8243; down=\u00bb0&#8243;][\/vc_column][vc_column width=\u00bb1\/2&#8243;][vc_separator type=\u00bbtransparent\u00bb up=\u00bb7&#8243; down=\u00bb0&#8243;][vc_single_image image=\u00bb17119&#8243; img_size=\u00bbfull\u00bb qode_css_animation=\u00bbelement_from_right\u00bb transition_delay=\u00bb0.3&#8243;][vc_empty_space][\/vc_column][\/vc_row][vc_row css_animation=\u00bb\u00bb row_type=\u00bbrow\u00bb use_row_as_full_screen_section=\u00bbno\u00bb type=\u00bbgrid\u00bb angled_section=\u00bbno\u00bb text_align=\u00bbleft\u00bb background_image_as_pattern=\u00bbwithout_pattern\u00bb padding_top=\u00bb50&#8243; z_index=\u00bb\u00bb][vc_column][vc_separator type=\u00bbtransparent\u00bb up=\u00bb7&#8243; down=\u00bb0&#8243;][vc_separator type=\u00bbsmall\u00bb position=\u00bbleft\u00bb up=\u00bb20&#8243; down=\u00bb20&#8243;][vc_empty_space][\/vc_column][\/vc_row][vc_row css_animation=\u00bb\u00bb row_type=\u00bbrow\u00bb use_row_as_full_screen_section=\u00bbno\u00bb type=\u00bbfull_width\u00bb angled_section=\u00bbno\u00bb text_align=\u00bbleft\u00bb background_image_as_pattern=\u00bbwithout_pattern\u00bb][vc_column][vc_separator type=\u00bbtransparent\u00bb up=\u00bb0&#8243; down=\u00bb0&#8243;][\/vc_column][\/vc_row][vc_row css_animation=\u00bb\u00bb row_type=\u00bbrow\u00bb use_row_as_full_screen_section=\u00bbno\u00bb type=\u00bbfull_width\u00bb angled_section=\u00bbno\u00bb text_align=\u00bbleft\u00bb background_image_as_pattern=\u00bbwithout_pattern\u00bb background_color=\u00bb#ffffff\u00bb][vc_column][vc_separator type=\u00bbtransparent\u00bb up=\u00bb0&#8243; down=\u00bb0&#8243;][\/vc_column][\/vc_row][vc_row css_animation=\u00bb\u00bb row_type=\u00bbrow\u00bb use_row_as_full_screen_section=\u00bbno\u00bb type=\u00bbfull_width\u00bb angled_section=\u00bbno\u00bb text_align=\u00bbleft\u00bb background_image_as_pattern=\u00bbwithout_pattern\u00bb][vc_column][vc_column_text]<\/p>\n<p>[\/vc_column_text][\/vc_column][\/vc_row][vc_row css_animation=\u00bb\u00bb row_type=\u00bbrow\u00bb use_row_as_full_screen_section=\u00bbno\u00bb type=\u00bbgrid\u00bb angled_section=\u00bbno\u00bb text_align=\u00bbleft\u00bb background_image_as_pattern=\u00bbwithout_pattern\u00bb css=\u00bb.vc_custom_1673884340517{padding-top: 40px !important;padding-bottom: 50px !important;}\u00bb z_index=\u00bb\u00bb][vc_column width=\u00bb1\/2&#8243; el_id=\u00bbjobs\u00bb][vc_column_text]<\/p>\n<h2><span class=\"VIiyi\" lang=\"es\"><span class=\"JLqJ4b ChMk0b\" data-language-for-alternatives=\"es\" data-language-to-translate-into=\"de\" data-phrase-index=\"0\">Ponerse en contacto&#8230;<\/span><\/span><\/h2>\n<p>[\/vc_column_text][vc_empty_space][vc_column_text]<strong><span lang=\"es\">Vera Zambrano &amp; Team<br \/>\n(n\u00e9e Vera Mueller)<br \/>\nbufete de abogados<br \/>\nDerecho internacional<\/span><\/strong><span lang=\"es\"><br \/>\n<\/span><span lang=\"es\"><br \/>\nKurf\u00fcrstendamm 234, 10719 Berlin<br \/>\n<\/span><\/p>\n<p><span lang=\"es\"><br \/>\nTel: +49 30 303660260<br \/>\nTel.: <a href=\"tel:+13053289556\">+1 305 328-9556<\/a><br \/>\nFax: 030 3036 60259<br \/>\nMail: <a href=\"mailto:info@lawyer-berlin.com\" target=\"_blank\" rel=\"noopener\">info@lawyer-berlin.com<\/a><\/span>[\/vc_column_text][vc_separator type=\u00bbnormal\u00bb color=\u00bb#a69374&#8243;][vc_column_text]<span lang=\"es\">Tenga en cuenta: <\/span><\/p>\n<p><span lang=\"es\">Las horas de consulta se programan individualmente.<br \/>\n<\/span><span lang=\"es\">Las citas se pueden hacer por tel\u00e9fono. <\/span>[\/vc_column_text][vc_separator type=\u00bbnormal\u00bb color=\u00bb#a69374&#8243;][vc_raw_html]JTVCaWNvbnMlMjBpY29uJTNEJTIyZmEtZmFjZWJvb2slMjIlMjBzaXplJTNEJTIyZmEtbGclMjIlMjBjdXN0b21fc2l6ZSUzRCUyMjMxJTIyJTIwdHlwZSUzRCUyMmNpcmNsZSUyMiUyMGJvcmRlciUzRCUyMnllcyUyMiUyMGxpbmslM0QlMjJodHRwcyUzQSUyRiUyRnd3dy5mYWNlYm9vay5jb20lMkZMYXdGaXJtVi5aYW1icmFubyUyMiUyMHRhcmdldCUzRCUyMl9ibGFuayUyMiUyMGljb25fY29sb3IlM0QlMjIlMjNmZmZmZmYlMjIlMjBiYWNrZ3JvdW5kX2NvbG9yJTNEJTIyJTIzNDU1NjYzJTIyJTIwbWFyZ2luJTNEJTIyMCUyMDAlMjAwJTIwMCUyMiU1RCUyNm5ic3AlM0IlMjAlN0MlMjAlMjAlMjZuYnNwJTNCJTBBJTBBJTNDc3Ryb25nJTNFJTNDc3BhbiUyMHN0eWxlJTNEJTIyY29sb3IlM0ElMjAlMjNmZmZmZmYlM0IlMjBmb250LXNpemUlM0ElMjAxM3B0JTNCJTIyJTNFJTNDYSUyMHN0eWxlJTNEJTIyY29sb3IlM0ElMjAlMjMwMDAwMDAlM0IlMjIlMjBocmVmJTNEJTIyaHR0cHMlM0ElMkYlMkZ3d3cuYW53YWx0LmRlJTJGdmVyYS1tdWVsbGVyJTIyJTIwdGFyZ2V0JTNEJTIyX2JsYW5rJTIyJTIwcmVsJTNEJTIybm9vcGVuZXIlMjBub3JlZmVycmVyJTIyJTNFbGF3eWVyJTIwJTJGJTIwQW53YWx0LmRlJTIwcHJvZmlsZSUzQyUyRmElM0UlM0MlMkZzcGFuJTNFJTNDJTJGc3Ryb25nJTNF[\/vc_raw_html][vc_separator type=\u00bbtransparent\u00bb up=\u00bb6&#8243; down=\u00bb6&#8243;][vc_empty_space][\/vc_column][vc_column width=\u00bb1\/2&#8243;][vc_column_text]<\/p>\n<h2><span class=\"VIiyi\" lang=\"es\"><span class=\"JLqJ4b ChMk0b\" data-language-for-alternatives=\"es\" data-language-to-translate-into=\"de\" data-phrase-index=\"0\">Formulario de contacto<\/span><\/span><\/h2>\n<p>[\/vc_column_text][vc_empty_space][vc_raw_html]JTIwJTA5JTVCbmluamFfZm9ybSUyMGlkJTNENCU1RCUyMA==[\/vc_raw_html][vc_empty_space][\/vc_column][\/vc_row]<\/p>\n<\/div>","protected":false},"excerpt":{"rendered":"<p>[vc_row css_animation=\u00bb\u00bb row_type=\u00bbrow\u00bb use_row_as_full_screen_section=\u00bbno\u00bb type=\u00bbgrid\u00bb angled_section=\u00bbno\u00bb text_align=\u00bbleft\u00bb background_image_as_pattern=\u00bbwithout_pattern\u00bb css=\u00bb.vc_custom_1516722694940{padding-top: 50px !important;background-color: #afc9db!important;}\u00bb z_index=\u00bb\u00bb][vc_column width=\u00bb1\/2&#8243;][vc_separator type=\u00bbtransparent\u00bb up=\u00bb7&#8243; down=\u00bb0&#8243;][vc_column_text] Principios [\/vc_column_text][vc_separator type=\u00bbsmall\u00bb position=\u00bbleft\u00bb up=\u00bb20&#8243; down=\u00bb20&#8243;][vc_column_text css=\u00bb\u00bb]El costo de la primera consulta legal se basa en las disposiciones legales, la Ley de Remuneraci\u00f3n de Abogados en Alemania (RVG)&#8230;.<\/p>\n","protected":false},"author":1,"featured_media":0,"parent":0,"menu_order":0,"comment_status":"closed","ping_status":"closed","template":"full_width.php","meta":{"footnotes":""},"class_list":["post-16497","page","type-page","status-publish","hentry"],"yoast_head":"<!-- This site is optimized with the Yoast SEO plugin v25.8 - https:\/\/yoast.com\/wordpress\/plugins\/seo\/ -->\n<title>El costo del asesoramiento legal \u2705 Abogada Vera Zambrano<\/title>\n<meta name=\"description\" content=\"El costo del asesoramiento legal \u2705 La abogada Vera Zambrano &amp; Team \u2705 Ley internacional \u2706 +49 30 303660260 \u2706 (+1)305 328-9556\" \/>\n<meta name=\"robots\" content=\"index, follow, max-snippet:-1, max-image-preview:large, max-video-preview:-1\" \/>\n<link rel=\"canonical\" href=\"https:\/\/rechtsanwalt-berlin-charlottenburg.de\/es\/el-costo-del-asesoramiento-legal-3\/\" \/>\n<meta property=\"og:locale\" content=\"es_ES\" \/>\n<meta property=\"og:type\" content=\"article\" \/>\n<meta property=\"og:title\" content=\"El costo del asesoramiento legal \u2705 Abogada Vera Zambrano\" \/>\n<meta property=\"og:description\" content=\"El costo del asesoramiento legal \u2705 La abogada Vera Zambrano &amp; Team \u2705 Ley internacional \u2706 +49 30 303660260 \u2706 (+1)305 328-9556\" \/>\n<meta property=\"og:url\" content=\"https:\/\/rechtsanwalt-berlin-charlottenburg.de\/es\/el-costo-del-asesoramiento-legal-3\/\" \/>\n<meta property=\"article:modified_time\" content=\"2025-07-07T14:36:08+00:00\" \/>\n<meta name=\"twitter:card\" content=\"summary_large_image\" \/>\n<meta name=\"twitter:label1\" content=\"Tiempo de lectura\" \/>\n\t<meta name=\"twitter:data1\" content=\"2 minutos\" \/>\n<script type=\"application\/ld+json\" class=\"yoast-schema-graph\">{\"@context\":\"https:\/\/schema.org\",\"@graph\":[{\"@type\":\"WebPage\",\"@id\":\"https:\/\/rechtsanwalt-berlin-charlottenburg.de\/es\/el-costo-del-asesoramiento-legal-3\/\",\"url\":\"https:\/\/rechtsanwalt-berlin-charlottenburg.de\/es\/el-costo-del-asesoramiento-legal-3\/\",\"name\":\"El costo del asesoramiento legal \u2705 Abogada Vera Zambrano\",\"isPartOf\":{\"@id\":\"https:\/\/rechtsanwalt-berlin-charlottenburg.de\/#website\"},\"datePublished\":\"2019-11-11T14:36:21+00:00\",\"dateModified\":\"2025-07-07T14:36:08+00:00\",\"description\":\"El costo del asesoramiento legal \u2705 La abogada Vera Zambrano & Team \u2705 Ley internacional \u2706 +49 30 303660260 \u2706 (+1)305 328-9556\",\"breadcrumb\":{\"@id\":\"https:\/\/rechtsanwalt-berlin-charlottenburg.de\/es\/el-costo-del-asesoramiento-legal-3\/#breadcrumb\"},\"inLanguage\":\"es\",\"potentialAction\":[{\"@type\":\"ReadAction\",\"target\":[\"https:\/\/rechtsanwalt-berlin-charlottenburg.de\/es\/el-costo-del-asesoramiento-legal-3\/\"]}]},{\"@type\":\"BreadcrumbList\",\"@id\":\"https:\/\/rechtsanwalt-berlin-charlottenburg.de\/es\/el-costo-del-asesoramiento-legal-3\/#breadcrumb\",\"itemListElement\":[{\"@type\":\"ListItem\",\"position\":1,\"name\":\"Startseite\",\"item\":\"https:\/\/rechtsanwalt-berlin-charlottenburg.de\/es\/la-abogada-vera-mueller-usa-miami-2-2\/\"},{\"@type\":\"ListItem\",\"position\":2,\"name\":\"El costo del asesoramiento legal\"}]},{\"@type\":\"WebSite\",\"@id\":\"https:\/\/rechtsanwalt-berlin-charlottenburg.de\/#website\",\"url\":\"https:\/\/rechtsanwalt-berlin-charlottenburg.de\/\",\"name\":\"\",\"description\":\"\",\"publisher\":{\"@id\":\"https:\/\/rechtsanwalt-berlin-charlottenburg.de\/#organization\"},\"potentialAction\":[{\"@type\":\"SearchAction\",\"target\":{\"@type\":\"EntryPoint\",\"urlTemplate\":\"https:\/\/rechtsanwalt-berlin-charlottenburg.de\/?s={search_term_string}\"},\"query-input\":{\"@type\":\"PropertyValueSpecification\",\"valueRequired\":true,\"valueName\":\"search_term_string\"}}],\"inLanguage\":\"es\"},{\"@type\":\"Organization\",\"@id\":\"https:\/\/rechtsanwalt-berlin-charlottenburg.de\/#organization\",\"name\":\"Rechtsanwaltskanzlei - Rechtsanw\u00e4ltin Vera Mueller & Team\",\"url\":\"https:\/\/rechtsanwalt-berlin-charlottenburg.de\/\",\"logo\":{\"@type\":\"ImageObject\",\"inLanguage\":\"es\",\"@id\":\"https:\/\/rechtsanwalt-berlin-charlottenburg.de\/#\/schema\/logo\/image\/\",\"url\":\"https:\/\/rechtsanwalt-berlin-charlottenburg.de\/wp-content\/uploads\/rechtsanwalt-berlin-deutschland-lawyer-usa-miami-vera-mueller.jpeg\",\"contentUrl\":\"https:\/\/rechtsanwalt-berlin-charlottenburg.de\/wp-content\/uploads\/rechtsanwalt-berlin-deutschland-lawyer-usa-miami-vera-mueller.jpeg\",\"width\":678,\"height\":817,\"caption\":\"Rechtsanwaltskanzlei - Rechtsanw\u00e4ltin Vera Mueller & Team\"},\"image\":{\"@id\":\"https:\/\/rechtsanwalt-berlin-charlottenburg.de\/#\/schema\/logo\/image\/\"}}]}<\/script>\n<!-- \/ Yoast SEO plugin. -->","yoast_head_json":{"title":"El costo del asesoramiento legal \u2705 Abogada Vera Zambrano","description":"El costo del asesoramiento legal \u2705 La abogada Vera Zambrano & Team \u2705 Ley internacional \u2706 +49 30 303660260 \u2706 (+1)305 328-9556","robots":{"index":"index","follow":"follow","max-snippet":"max-snippet:-1","max-image-preview":"max-image-preview:large","max-video-preview":"max-video-preview:-1"},"canonical":"https:\/\/rechtsanwalt-berlin-charlottenburg.de\/es\/el-costo-del-asesoramiento-legal-3\/","og_locale":"es_ES","og_type":"article","og_title":"El costo del asesoramiento legal \u2705 Abogada Vera Zambrano","og_description":"El costo del asesoramiento legal \u2705 La abogada Vera Zambrano & Team \u2705 Ley internacional \u2706 +49 30 303660260 \u2706 (+1)305 328-9556","og_url":"https:\/\/rechtsanwalt-berlin-charlottenburg.de\/es\/el-costo-del-asesoramiento-legal-3\/","article_modified_time":"2025-07-07T14:36:08+00:00","twitter_card":"summary_large_image","twitter_misc":{"Tiempo de lectura":"2 minutos"},"schema":{"@context":"https:\/\/schema.org","@graph":[{"@type":"WebPage","@id":"https:\/\/rechtsanwalt-berlin-charlottenburg.de\/es\/el-costo-del-asesoramiento-legal-3\/","url":"https:\/\/rechtsanwalt-berlin-charlottenburg.de\/es\/el-costo-del-asesoramiento-legal-3\/","name":"El costo del asesoramiento legal \u2705 Abogada Vera Zambrano","isPartOf":{"@id":"https:\/\/rechtsanwalt-berlin-charlottenburg.de\/#website"},"datePublished":"2019-11-11T14:36:21+00:00","dateModified":"2025-07-07T14:36:08+00:00","description":"El costo del asesoramiento legal \u2705 La abogada Vera Zambrano & Team \u2705 Ley internacional \u2706 +49 30 303660260 \u2706 (+1)305 328-9556","breadcrumb":{"@id":"https:\/\/rechtsanwalt-berlin-charlottenburg.de\/es\/el-costo-del-asesoramiento-legal-3\/#breadcrumb"},"inLanguage":"es","potentialAction":[{"@type":"ReadAction","target":["https:\/\/rechtsanwalt-berlin-charlottenburg.de\/es\/el-costo-del-asesoramiento-legal-3\/"]}]},{"@type":"BreadcrumbList","@id":"https:\/\/rechtsanwalt-berlin-charlottenburg.de\/es\/el-costo-del-asesoramiento-legal-3\/#breadcrumb","itemListElement":[{"@type":"ListItem","position":1,"name":"Startseite","item":"https:\/\/rechtsanwalt-berlin-charlottenburg.de\/es\/la-abogada-vera-mueller-usa-miami-2-2\/"},{"@type":"ListItem","position":2,"name":"El costo del asesoramiento legal"}]},{"@type":"WebSite","@id":"https:\/\/rechtsanwalt-berlin-charlottenburg.de\/#website","url":"https:\/\/rechtsanwalt-berlin-charlottenburg.de\/","name":"","description":"","publisher":{"@id":"https:\/\/rechtsanwalt-berlin-charlottenburg.de\/#organization"},"potentialAction":[{"@type":"SearchAction","target":{"@type":"EntryPoint","urlTemplate":"https:\/\/rechtsanwalt-berlin-charlottenburg.de\/?s={search_term_string}"},"query-input":{"@type":"PropertyValueSpecification","valueRequired":true,"valueName":"search_term_string"}}],"inLanguage":"es"},{"@type":"Organization","@id":"https:\/\/rechtsanwalt-berlin-charlottenburg.de\/#organization","name":"Rechtsanwaltskanzlei - Rechtsanw\u00e4ltin Vera Mueller & Team","url":"https:\/\/rechtsanwalt-berlin-charlottenburg.de\/","logo":{"@type":"ImageObject","inLanguage":"es","@id":"https:\/\/rechtsanwalt-berlin-charlottenburg.de\/#\/schema\/logo\/image\/","url":"https:\/\/rechtsanwalt-berlin-charlottenburg.de\/wp-content\/uploads\/rechtsanwalt-berlin-deutschland-lawyer-usa-miami-vera-mueller.jpeg","contentUrl":"https:\/\/rechtsanwalt-berlin-charlottenburg.de\/wp-content\/uploads\/rechtsanwalt-berlin-deutschland-lawyer-usa-miami-vera-mueller.jpeg","width":678,"height":817,"caption":"Rechtsanwaltskanzlei - Rechtsanw\u00e4ltin Vera Mueller & Team"},"image":{"@id":"https:\/\/rechtsanwalt-berlin-charlottenburg.de\/#\/schema\/logo\/image\/"}}]}},"_links":{"self":[{"href":"https:\/\/rechtsanwalt-berlin-charlottenburg.de\/es\/wp-json\/wp\/v2\/pages\/16497","targetHints":{"allow":["GET"]}}],"collection":[{"href":"https:\/\/rechtsanwalt-berlin-charlottenburg.de\/es\/wp-json\/wp\/v2\/pages"}],"about":[{"href":"https:\/\/rechtsanwalt-berlin-charlottenburg.de\/es\/wp-json\/wp\/v2\/types\/page"}],"author":[{"embeddable":true,"href":"https:\/\/rechtsanwalt-berlin-charlottenburg.de\/es\/wp-json\/wp\/v2\/users\/1"}],"replies":[{"embeddable":true,"href":"https:\/\/rechtsanwalt-berlin-charlottenburg.de\/es\/wp-json\/wp\/v2\/comments?post=16497"}],"version-history":[{"count":6,"href":"https:\/\/rechtsanwalt-berlin-charlottenburg.de\/es\/wp-json\/wp\/v2\/pages\/16497\/revisions"}],"predecessor-version":[{"id":19074,"href":"https:\/\/rechtsanwalt-berlin-charlottenburg.de\/es\/wp-json\/wp\/v2\/pages\/16497\/revisions\/19074"}],"wp:attachment":[{"href":"https:\/\/rechtsanwalt-berlin-charlottenburg.de\/es\/wp-json\/wp\/v2\/media?parent=16497"}],"curies":[{"name":"wp","href":"https:\/\/api.w.org\/{rel}","templated":true}]}}