{"id":16990,"date":"2021-05-27T09:03:56","date_gmt":"2021-05-27T07:03:56","guid":{"rendered":"https:\/\/rechtsanwalt-berlin-charlottenburg.de\/?page_id=16990"},"modified":"2024-09-03T16:33:30","modified_gmt":"2024-09-03T14:33:30","slug":"contacto","status":"publish","type":"page","link":"https:\/\/rechtsanwalt-berlin-charlottenburg.de\/es\/contacto\/","title":{"rendered":"Contacto"},"content":{"rendered":"<div class=\"wpb-content-wrapper\"><p>[vc_row css_animation=\u00bb\u00bb row_type=\u00bbrow\u00bb use_row_as_full_screen_section=\u00bbno\u00bb type=\u00bbfull_width\u00bb angled_section=\u00bbno\u00bb text_align=\u00bbleft\u00bb background_image_as_pattern=\u00bbwithout_pattern\u00bb css=\u00bb.vc_custom_1516707405115{padding-top: 10px !important;padding-bottom: 50px !important;}\u00bb z_index=\u00bb\u00bb][vc_column width=\u00bb1\/2\u2033 el_id=\u00bbjobs\u00bb][vc_column_text]<\/p>\n<h1><span class=\"VIiyi\" lang=\"es\"><span class=\"JLqJ4b ChMk0b\" data-language-for-alternatives=\"es\" data-language-to-translate-into=\"de\" data-phrase-index=\"0\">Ponerse en contacto\u2026<\/span><\/span><\/h1>\n<p>[\/vc_column_text][vc_empty_space][vc_column_text]<strong><span lang=\"es\">Vera Zambrano &amp; Team<br>\n(n\u00e9e Vera Mueller)<br>\nbufete de abogados<br>\nDerecho internacional<\/span><\/strong><span lang=\"es\"><br>\n<\/span><span lang=\"es\"><br>\nKurf\u00fcrstendamm 234,<br>\n10719 Berlin, Alemania<\/span><\/p>\n<p><span lang=\"es\"><br>\nTel: <a href=\"tel:+4930303660260\">+49 30 303660260<\/a><br>\nTel.: (+1) 305 328-9556<br>\nFax: 030 3036 60259<br>\nMail: <a href=\"mailto:info@lawyer-berlin.com\" target=\"_blank\" rel=\"noopener\">info@lawyer-berlin.com<\/a><\/span>[\/vc_column_text][vc_separator type=\u00bbnormal\u00bb color=\u00bb#a69374\u2033][vc_column_text]<span lang=\"es\">Tenga en cuenta: <\/span><\/p>\n<p><span lang=\"es\">Las horas de consulta se programan individualmente.<br>\n<\/span><span lang=\"es\">Las citas se pueden hacer por tel\u00e9fono. <\/span>[\/vc_column_text][vc_separator type=\u00bbnormal\u00bb color=\u00bb#a69374\u2033][vc_raw_html]JTVCaWNvbnMlMjBpY29uJTNEJTIyZmEtZmFjZWJvb2slMjIlMjBzaXplJTNEJTIyZmEtbGclMjIlMjBjdXN0b21fc2l6ZSUzRCUyMjMxJTIyJTIwdHlwZSUzRCUyMmNpcmNsZSUyMiUyMGJvcmRlciUzRCUyMnllcyUyMiUyMGxpbmslM0QlMjJodHRwcyUzQSUyRiUyRnd3dy5mYWNlYm9vay5jb20lMkZMYXdGaXJtVi5aYW1icmFubyUyMiUyMHRhcmdldCUzRCUyMl9ibGFuayUyMiUyMGljb25fY29sb3IlM0QlMjIlMjNmZmZmZmYlMjIlMjBiYWNrZ3JvdW5kX2NvbG9yJTNEJTIyJTIzNDU1NjYzJTIyJTIwbWFyZ2luJTNEJTIyMCUyMDAlMjAwJTIwMCUyMiU1RCUyNm5ic3AlM0IlMjAlN0MlMjAlMjAlMjZuYnNwJTNCJTBBJTBBJTNDc3Ryb25nJTNFJTNDc3BhbiUyMHN0eWxlJTNEJTIyY29sb3IlM0ElMjAlMjNmZmZmZmYlM0IlMjBmb250LXNpemUlM0ElMjAxM3B0JTNCJTIyJTNFJTNDYSUyMHN0eWxlJTNEJTIyY29sb3IlM0ElMjAlMjMwMDAwMDAlM0IlMjIlMjBocmVmJTNEJTIyaHR0cHMlM0ElMkYlMkZ3d3cuYW53YWx0LmRlJTJGdmVyYS1tdWVsbGVyJTIyJTIwdGFyZ2V0JTNEJTIyX2JsYW5rJTIyJTIwcmVsJTNEJTIybm9vcGVuZXIlMjBub3JlZmVycmVyJTIyJTNFbGF3eWVyJTIwJTJGJTIwQW53YWx0LmRlJTIwcHJvZmlsZSUzQyUyRmElM0UlM0MlMkZzcGFuJTNFJTNDJTJGc3Ryb25nJTNF[\/vc_raw_html][vc_separator type=\u00bbtransparent\u00bb up=\u00bb6\u2033 down=\u00bb6\u2033][vc_empty_space][vc_column_text]<\/p>\n<h2>Trabajo y Carrera<\/h2>\n<p><span lang=\"es\">\u00a1Seguimos creciendo! Env\u00ede las solicitudes junto con toda la documentaci\u00f3n necesaria (curriculum vitae, certificados universitarios, titulaciones adicionales, etc.). a: <a href=\"mailto:info@lawyer-berlin-miami.com\" target=\"_blank\" rel=\"nofollow noopener\">info@lawyer-berlin-miami.com<\/a><\/span>[\/vc_column_text][vc_separator type=\u00bbnormal\u00bb color=\u00bb#a69374\u2033][vc_empty_space][\/vc_column][vc_column width=\u00bb1\/2\u2033][vc_column_text]<\/p>\n<h2><span class=\"VIiyi\" lang=\"es\"><span class=\"JLqJ4b ChMk0b\" data-language-for-alternatives=\"es\" data-language-to-translate-into=\"de\" data-phrase-index=\"0\">Formulario de contacto<\/span><\/span><\/h2>\n<p>[\/vc_column_text][vc_empty_space][vc_raw_html]JTIwJTA5JTVCbmluamFfZm9ybSUyMGlkJTNENCU1RCUyMA==[\/vc_raw_html][vc_empty_space][vc_single_image image=\u00bb17119\u2033 img_size=\u00bbfull\u00bb qode_css_animation=\u00bb\u00bb][vc_empty_space][\/vc_column][\/vc_row][vc_row css_animation=\u00bb\u00bb row_type=\u00bbrow\u00bb use_row_as_full_screen_section=\u00bbno\u00bb type=\u00bbgrid\u00bb angled_section=\u00bbno\u00bb text_align=\u00bbleft\u00bb background_image_as_pattern=\u00bbwithout_pattern\u00bb css=\u00bb.vc_custom_1516907863331{padding-top: 40px !important;padding-bottom: 40px !important;}\u00bb z_index=\u00bb\u00bb][vc_column width=\u00bb1\/2\u2033][vc_column_text]<\/p>\n<h2><span lang=\"es\">Referencias en <\/span><span lang=\"es\"><a href=\"https:\/\/www.anwalt.de\/vera-zambrano\" target=\"_blank\" rel=\"noopener\">Anwalt.de<\/a><\/span><\/h2>\n<p>[\/vc_column_text][vc_separator type=\u00bbnormal\u00bb color=\u00bb#a69374\u2033][vc_raw_html]JTNDZGl2JTNFJTNDc2NyaXB0JTIwdHlwZSUzRCUyMnRleHQlMkZqYXZhc2NyaXB0JTIyJTIwc3JjJTNEJTIyaHR0cHMlM0ElMkYlMkZ3aWRnZXQuYW53YWx0LmRlJTJGZ2VzYW10YmV3ZXJ0dW5nLWlocmVyLWthbnpsZWklMkYxMSUyRnByb2ZpbGVJZCUyRjE3NzgzMCUyRm1heEl0ZW1zJTJGNSUyRmJhc2VDb2xvciUyRjRCNjI4QiUyRmhlYWRlckNvbG9yJTJGZmZmZmZmJTJGZ2V0LmpzJTIyJTNFJTNDJTJGc2NyaXB0JTNFJTNDJTJGZGl2JTNF[\/vc_raw_html][vc_separator type=\u00bbnormal\u00bb color=\u00bb#a69374\u2033][\/vc_column][vc_column width=\u00bb1\/2\u2033][vc_column_text]<img loading=\"lazy\" decoding=\"async\" class=\"alignnone size-full wp-image-16976\" src=\"https:\/\/rechtsanwalt-berlin-charlottenburg.de\/wp-content\/uploads\/jhb.legal_.png\" alt=\"jhb.legal\" width=\"293\" height=\"132\"><\/p>\n<p><span lang=\"en\"><span lang=\"es\">En el \u00e1rea de todo el derecho penal (incluido el derecho penal general, el derecho penal comercial, el derecho penal fiscal y el derecho penal de tr\u00e1fico), el bufete de abogados trabaja en estrecha colaboraci\u00f3n con el equipo de JHB.LEGAL de Berl\u00edn<\/span><\/span>\u00a0(<a href=\"https:\/\/jhb.legal\/\" target=\"_blank\" rel=\"noopener\">Kanzlei \u2013 jhb.legal<\/a>)<\/p>\n<p>\u00a0<\/p>\n<p><img loading=\"lazy\" decoding=\"async\" class=\"alignnone size-medium wp-image-16981\" src=\"https:\/\/rechtsanwalt-berlin-charlottenburg.de\/wp-content\/uploads\/Bild-JHB.LEGAL_-600x400.jpg\" alt=\"Bild JHB.LEGAL 600x400\" width=\"600\" height=\"400\" srcset=\"https:\/\/rechtsanwalt-berlin-charlottenburg.de\/wp-content\/uploads\/Bild-JHB.LEGAL_-600x400.jpg 600w, https:\/\/rechtsanwalt-berlin-charlottenburg.de\/wp-content\/uploads\/Bild-JHB.LEGAL_-1024x683.jpg 1024w, https:\/\/rechtsanwalt-berlin-charlottenburg.de\/wp-content\/uploads\/Bild-JHB.LEGAL_-768x512.jpg 768w, https:\/\/rechtsanwalt-berlin-charlottenburg.de\/wp-content\/uploads\/Bild-JHB.LEGAL_-700x467.jpg 700w, https:\/\/rechtsanwalt-berlin-charlottenburg.de\/wp-content\/uploads\/Bild-JHB.LEGAL_.jpg 1500w\" sizes=\"auto, (max-width: 600px) 100vw, 600px\"><\/p>\n<p>\u00a0<\/p>\n<p><span lang=\"en\"><span lang=\"es\"> Los colegas altamente especializados y los expertos son su contacto ideal para todas las preguntas con un enfoque en asuntos penales y tienen una excelente experiencia.<\/span> <\/span>\u1405 <a href=\"https:\/\/www.anwalt.de\/jhb-legal\/bewertungen.php\" target=\"_blank\" rel=\"noopener\">Voces de clientes de JHB.LEGAL<\/a><\/p>\n<p>\u00a0<\/p>\n<p><span lang=\"en\"><span lang=\"es\">\u00bfTiene alguna pregunta o necesita una aclaraci\u00f3n? Reg\u00edstrese hoy por tel\u00e9fono o correo electr\u00f3nico \u2026<\/span> <\/span><\/p>\n<p><span lang=\"en\">\u00a0<\/span>[\/vc_column_text][\/vc_column][\/vc_row]<\/p>\n<\/div>","protected":false},"excerpt":{"rendered":"<p>[vc_row css_animation=\u00bb\u00bb row_type=\u00bbrow\u00bb use_row_as_full_screen_section=\u00bbno\u00bb type=\u00bbfull_width\u00bb angled_section=\u00bbno\u00bb text_align=\u00bbleft\u00bb background_image_as_pattern=\u00bbwithout_pattern\u00bb css=\u00bb.vc_custom_1516707405115{padding-top: 10px !important;padding-bottom: 50px !important;}\u00bb z_index=\u00bb\u00bb][vc_column width=\u00bb1\/2\u2033 el_id=\u00bbjobs\u00bb][vc_column_text] Ponerse en contacto\u2026 [\/vc_column_text][vc_empty_space][vc_column_text]Vera Zambrano &amp; Team (n\u00e9e Vera Mueller) bufete de abogados Derecho internacional Kurf\u00fcrstendamm 234, 10719 Berlin, Alemania Tel: +49 30 303660260 Tel.: (+1) 305 328-9556 Fax:&#8230;<\/p>\n","protected":false},"author":1,"featured_media":0,"parent":0,"menu_order":0,"comment_status":"closed","ping_status":"closed","template":"","meta":{"footnotes":""},"class_list":["post-16990","page","type-page","status-publish","hentry"],"yoast_head":"<!-- This site is optimized with the Yoast SEO plugin v25.8 - https:\/\/yoast.com\/wordpress\/plugins\/seo\/ -->\n<title>Contacto \u2705 La abogada Vera Zambrano &amp; Team (Vera Mueller)<\/title>\n<meta name=\"description\" content=\"Contacto \u2705 La abogada Vera Zambrano &amp; Team (n\u00e9e Vera Mueller) \u2705 Ley internacional \u2706 +49 30 303660260 \u2706 (+1)305 328-9556\" \/>\n<meta name=\"robots\" content=\"index, follow, max-snippet:-1, max-image-preview:large, max-video-preview:-1\" \/>\n<link rel=\"canonical\" href=\"https:\/\/rechtsanwalt-berlin-charlottenburg.de\/es\/contacto\/\" \/>\n<meta property=\"og:locale\" content=\"es_ES\" \/>\n<meta property=\"og:type\" content=\"article\" \/>\n<meta property=\"og:title\" content=\"Contacto \u2705 La abogada Vera Zambrano &amp; Team (Vera Mueller)\" \/>\n<meta property=\"og:description\" content=\"Contacto \u2705 La abogada Vera Zambrano &amp; Team (n\u00e9e Vera Mueller) \u2705 Ley internacional \u2706 +49 30 303660260 \u2706 (+1)305 328-9556\" \/>\n<meta property=\"og:url\" content=\"https:\/\/rechtsanwalt-berlin-charlottenburg.de\/es\/contacto\/\" \/>\n<meta property=\"article:modified_time\" content=\"2024-09-03T14:33:30+00:00\" \/>\n<meta property=\"og:image\" content=\"https:\/\/rechtsanwalt-berlin-charlottenburg.de\/wp-content\/uploads\/jhb.legal_.png\" \/>\n<meta name=\"twitter:card\" content=\"summary_large_image\" \/>\n<meta name=\"twitter:label1\" content=\"Tiempo de lectura\" \/>\n\t<meta name=\"twitter:data1\" content=\"2 minutos\" \/>\n<script type=\"application\/ld+json\" class=\"yoast-schema-graph\">{\"@context\":\"https:\/\/schema.org\",\"@graph\":[{\"@type\":\"WebPage\",\"@id\":\"https:\/\/rechtsanwalt-berlin-charlottenburg.de\/es\/contacto\/\",\"url\":\"https:\/\/rechtsanwalt-berlin-charlottenburg.de\/es\/contacto\/\",\"name\":\"Contacto \u2705 La abogada Vera Zambrano & Team (Vera Mueller)\",\"isPartOf\":{\"@id\":\"https:\/\/rechtsanwalt-berlin-charlottenburg.de\/#website\"},\"primaryImageOfPage\":{\"@id\":\"https:\/\/rechtsanwalt-berlin-charlottenburg.de\/es\/contacto\/#primaryimage\"},\"image\":{\"@id\":\"https:\/\/rechtsanwalt-berlin-charlottenburg.de\/es\/contacto\/#primaryimage\"},\"thumbnailUrl\":\"https:\/\/rechtsanwalt-berlin-charlottenburg.de\/wp-content\/uploads\/jhb.legal_.png\",\"datePublished\":\"2021-05-27T07:03:56+00:00\",\"dateModified\":\"2024-09-03T14:33:30+00:00\",\"description\":\"Contacto \u2705 La abogada Vera Zambrano & Team (n\u00e9e Vera Mueller) \u2705 Ley internacional \u2706 +49 30 303660260 \u2706 (+1)305 328-9556\",\"breadcrumb\":{\"@id\":\"https:\/\/rechtsanwalt-berlin-charlottenburg.de\/es\/contacto\/#breadcrumb\"},\"inLanguage\":\"es\",\"potentialAction\":[{\"@type\":\"ReadAction\",\"target\":[\"https:\/\/rechtsanwalt-berlin-charlottenburg.de\/es\/contacto\/\"]}]},{\"@type\":\"ImageObject\",\"inLanguage\":\"es\",\"@id\":\"https:\/\/rechtsanwalt-berlin-charlottenburg.de\/es\/contacto\/#primaryimage\",\"url\":\"https:\/\/rechtsanwalt-berlin-charlottenburg.de\/wp-content\/uploads\/jhb.legal_.png\",\"contentUrl\":\"https:\/\/rechtsanwalt-berlin-charlottenburg.de\/wp-content\/uploads\/jhb.legal_.png\"},{\"@type\":\"BreadcrumbList\",\"@id\":\"https:\/\/rechtsanwalt-berlin-charlottenburg.de\/es\/contacto\/#breadcrumb\",\"itemListElement\":[{\"@type\":\"ListItem\",\"position\":1,\"name\":\"Startseite\",\"item\":\"https:\/\/rechtsanwalt-berlin-charlottenburg.de\/es\/la-abogada-vera-mueller-usa-miami-2-2\/\"},{\"@type\":\"ListItem\",\"position\":2,\"name\":\"Contacto\"}]},{\"@type\":\"WebSite\",\"@id\":\"https:\/\/rechtsanwalt-berlin-charlottenburg.de\/#website\",\"url\":\"https:\/\/rechtsanwalt-berlin-charlottenburg.de\/\",\"name\":\"\",\"description\":\"\",\"publisher\":{\"@id\":\"https:\/\/rechtsanwalt-berlin-charlottenburg.de\/#organization\"},\"potentialAction\":[{\"@type\":\"SearchAction\",\"target\":{\"@type\":\"EntryPoint\",\"urlTemplate\":\"https:\/\/rechtsanwalt-berlin-charlottenburg.de\/?s={search_term_string}\"},\"query-input\":{\"@type\":\"PropertyValueSpecification\",\"valueRequired\":true,\"valueName\":\"search_term_string\"}}],\"inLanguage\":\"es\"},{\"@type\":\"Organization\",\"@id\":\"https:\/\/rechtsanwalt-berlin-charlottenburg.de\/#organization\",\"name\":\"Rechtsanwaltskanzlei - Rechtsanw\u00e4ltin Vera Mueller & Team\",\"url\":\"https:\/\/rechtsanwalt-berlin-charlottenburg.de\/\",\"logo\":{\"@type\":\"ImageObject\",\"inLanguage\":\"es\",\"@id\":\"https:\/\/rechtsanwalt-berlin-charlottenburg.de\/#\/schema\/logo\/image\/\",\"url\":\"https:\/\/rechtsanwalt-berlin-charlottenburg.de\/wp-content\/uploads\/rechtsanwalt-berlin-deutschland-lawyer-usa-miami-vera-mueller.jpeg\",\"contentUrl\":\"https:\/\/rechtsanwalt-berlin-charlottenburg.de\/wp-content\/uploads\/rechtsanwalt-berlin-deutschland-lawyer-usa-miami-vera-mueller.jpeg\",\"width\":678,\"height\":817,\"caption\":\"Rechtsanwaltskanzlei - Rechtsanw\u00e4ltin Vera Mueller & Team\"},\"image\":{\"@id\":\"https:\/\/rechtsanwalt-berlin-charlottenburg.de\/#\/schema\/logo\/image\/\"}}]}<\/script>\n<!-- \/ Yoast SEO plugin. -->","yoast_head_json":{"title":"Contacto \u2705 La abogada Vera Zambrano & Team (Vera Mueller)","description":"Contacto \u2705 La abogada Vera Zambrano & Team (n\u00e9e Vera Mueller) \u2705 Ley internacional \u2706 +49 30 303660260 \u2706 (+1)305 328-9556","robots":{"index":"index","follow":"follow","max-snippet":"max-snippet:-1","max-image-preview":"max-image-preview:large","max-video-preview":"max-video-preview:-1"},"canonical":"https:\/\/rechtsanwalt-berlin-charlottenburg.de\/es\/contacto\/","og_locale":"es_ES","og_type":"article","og_title":"Contacto \u2705 La abogada Vera Zambrano & Team (Vera Mueller)","og_description":"Contacto \u2705 La abogada Vera Zambrano & Team (n\u00e9e Vera Mueller) \u2705 Ley internacional \u2706 +49 30 303660260 \u2706 (+1)305 328-9556","og_url":"https:\/\/rechtsanwalt-berlin-charlottenburg.de\/es\/contacto\/","article_modified_time":"2024-09-03T14:33:30+00:00","og_image":[{"url":"https:\/\/rechtsanwalt-berlin-charlottenburg.de\/wp-content\/uploads\/jhb.legal_.png","type":"","width":"","height":""}],"twitter_card":"summary_large_image","twitter_misc":{"Tiempo de lectura":"2 minutos"},"schema":{"@context":"https:\/\/schema.org","@graph":[{"@type":"WebPage","@id":"https:\/\/rechtsanwalt-berlin-charlottenburg.de\/es\/contacto\/","url":"https:\/\/rechtsanwalt-berlin-charlottenburg.de\/es\/contacto\/","name":"Contacto \u2705 La abogada Vera Zambrano & Team (Vera Mueller)","isPartOf":{"@id":"https:\/\/rechtsanwalt-berlin-charlottenburg.de\/#website"},"primaryImageOfPage":{"@id":"https:\/\/rechtsanwalt-berlin-charlottenburg.de\/es\/contacto\/#primaryimage"},"image":{"@id":"https:\/\/rechtsanwalt-berlin-charlottenburg.de\/es\/contacto\/#primaryimage"},"thumbnailUrl":"https:\/\/rechtsanwalt-berlin-charlottenburg.de\/wp-content\/uploads\/jhb.legal_.png","datePublished":"2021-05-27T07:03:56+00:00","dateModified":"2024-09-03T14:33:30+00:00","description":"Contacto \u2705 La abogada Vera Zambrano & Team (n\u00e9e Vera Mueller) \u2705 Ley internacional \u2706 +49 30 303660260 \u2706 (+1)305 328-9556","breadcrumb":{"@id":"https:\/\/rechtsanwalt-berlin-charlottenburg.de\/es\/contacto\/#breadcrumb"},"inLanguage":"es","potentialAction":[{"@type":"ReadAction","target":["https:\/\/rechtsanwalt-berlin-charlottenburg.de\/es\/contacto\/"]}]},{"@type":"ImageObject","inLanguage":"es","@id":"https:\/\/rechtsanwalt-berlin-charlottenburg.de\/es\/contacto\/#primaryimage","url":"https:\/\/rechtsanwalt-berlin-charlottenburg.de\/wp-content\/uploads\/jhb.legal_.png","contentUrl":"https:\/\/rechtsanwalt-berlin-charlottenburg.de\/wp-content\/uploads\/jhb.legal_.png"},{"@type":"BreadcrumbList","@id":"https:\/\/rechtsanwalt-berlin-charlottenburg.de\/es\/contacto\/#breadcrumb","itemListElement":[{"@type":"ListItem","position":1,"name":"Startseite","item":"https:\/\/rechtsanwalt-berlin-charlottenburg.de\/es\/la-abogada-vera-mueller-usa-miami-2-2\/"},{"@type":"ListItem","position":2,"name":"Contacto"}]},{"@type":"WebSite","@id":"https:\/\/rechtsanwalt-berlin-charlottenburg.de\/#website","url":"https:\/\/rechtsanwalt-berlin-charlottenburg.de\/","name":"","description":"","publisher":{"@id":"https:\/\/rechtsanwalt-berlin-charlottenburg.de\/#organization"},"potentialAction":[{"@type":"SearchAction","target":{"@type":"EntryPoint","urlTemplate":"https:\/\/rechtsanwalt-berlin-charlottenburg.de\/?s={search_term_string}"},"query-input":{"@type":"PropertyValueSpecification","valueRequired":true,"valueName":"search_term_string"}}],"inLanguage":"es"},{"@type":"Organization","@id":"https:\/\/rechtsanwalt-berlin-charlottenburg.de\/#organization","name":"Rechtsanwaltskanzlei - Rechtsanw\u00e4ltin Vera Mueller & Team","url":"https:\/\/rechtsanwalt-berlin-charlottenburg.de\/","logo":{"@type":"ImageObject","inLanguage":"es","@id":"https:\/\/rechtsanwalt-berlin-charlottenburg.de\/#\/schema\/logo\/image\/","url":"https:\/\/rechtsanwalt-berlin-charlottenburg.de\/wp-content\/uploads\/rechtsanwalt-berlin-deutschland-lawyer-usa-miami-vera-mueller.jpeg","contentUrl":"https:\/\/rechtsanwalt-berlin-charlottenburg.de\/wp-content\/uploads\/rechtsanwalt-berlin-deutschland-lawyer-usa-miami-vera-mueller.jpeg","width":678,"height":817,"caption":"Rechtsanwaltskanzlei - Rechtsanw\u00e4ltin Vera Mueller & Team"},"image":{"@id":"https:\/\/rechtsanwalt-berlin-charlottenburg.de\/#\/schema\/logo\/image\/"}}]}},"_links":{"self":[{"href":"https:\/\/rechtsanwalt-berlin-charlottenburg.de\/es\/wp-json\/wp\/v2\/pages\/16990","targetHints":{"allow":["GET"]}}],"collection":[{"href":"https:\/\/rechtsanwalt-berlin-charlottenburg.de\/es\/wp-json\/wp\/v2\/pages"}],"about":[{"href":"https:\/\/rechtsanwalt-berlin-charlottenburg.de\/es\/wp-json\/wp\/v2\/types\/page"}],"author":[{"embeddable":true,"href":"https:\/\/rechtsanwalt-berlin-charlottenburg.de\/es\/wp-json\/wp\/v2\/users\/1"}],"replies":[{"embeddable":true,"href":"https:\/\/rechtsanwalt-berlin-charlottenburg.de\/es\/wp-json\/wp\/v2\/comments?post=16990"}],"version-history":[{"count":5,"href":"https:\/\/rechtsanwalt-berlin-charlottenburg.de\/es\/wp-json\/wp\/v2\/pages\/16990\/revisions"}],"predecessor-version":[{"id":18667,"href":"https:\/\/rechtsanwalt-berlin-charlottenburg.de\/es\/wp-json\/wp\/v2\/pages\/16990\/revisions\/18667"}],"wp:attachment":[{"href":"https:\/\/rechtsanwalt-berlin-charlottenburg.de\/es\/wp-json\/wp\/v2\/media?parent=16990"}],"curies":[{"name":"wp","href":"https:\/\/api.w.org\/{rel}","templated":true}]}}