{"id":17342,"date":"2023-08-22T21:13:57","date_gmt":"2023-08-22T19:13:57","guid":{"rendered":"https:\/\/rechtsanwalt-berlin-charlottenburg.de\/?page_id=17342"},"modified":"2023-08-22T21:13:57","modified_gmt":"2023-08-22T19:13:57","slug":"el-costo-del-asesoramiento-legal","status":"publish","type":"page","link":"https:\/\/rechtsanwalt-berlin-charlottenburg.de\/es\/el-costo-del-asesoramiento-legal\/","title":{"rendered":"El costo del asesoramiento legal"},"content":{"rendered":"<div class=\"wpb-content-wrapper\"><p>[vc_row css_animation=\u00bb\u00bb row_type=\u00bbrow\u00bb use_row_as_full_screen_section=\u00bbno\u00bb type=\u00bbgrid\u00bb angled_section=\u00bbno\u00bb text_align=\u00bbleft\u00bb background_image_as_pattern=\u00bbwithout_pattern\u00bb css=\u00bb.vc_custom_1516722694940{padding-top: 50px !important;background-color: #afc9db!important;}\u00bb z_index=\u00bb\u00bb][vc_column width=\u00bb1\/2&#8243;][vc_separator type=\u00bbtransparent\u00bb up=\u00bb7&#8243; down=\u00bb0&#8243;][vc_column_text]<\/p>\n<h2 style=\"text-align: left;\">Principios<\/h2>\n<p>[\/vc_column_text][vc_separator type=\u00bbsmall\u00bb position=\u00bbleft\u00bb up=\u00bb20&#8243; down=\u00bb20&#8243;][vc_column_text]El costo del asesoramiento legal y la representaci\u00f3n se basan generalmente en las disposiciones legales, la Ley de Remuneraci\u00f3n de Abogados (RVG). La base es el valor respectivo en disputa, as\u00ed como las actividades legales que surgen (tanto fuera de los tribunales como judiciales). Con respecto al tiempo y al contenido, preocupaciones particularmente extensas, me complace ofrecerle una tarifa por hora.[\/vc_column_text][vc_separator type=\u00bbtransparent\u00bb up=\u00bb15&#8243; down=\u00bb0&#8243;][vc_empty_space][\/vc_column][vc_column width=\u00bb1\/2&#8243;][vc_separator type=\u00bbtransparent\u00bb up=\u00bb4&#8243; down=\u00bb0&#8243;][vc_column_text]<\/p>\n<h2 style=\"text-align: left;\">Tiene usted un seguro de defensa jur\u00eddica?<\/h2>\n<p>[\/vc_column_text][vc_separator type=\u00bbsmall\u00bb position=\u00bbleft\u00bb up=\u00bb20&#8243; down=\u00bb20&#8243;][vc_column_text]Si usted o su c\u00f3nyuge est\u00e1n en disposici\u00f3n de un seguro de defensa jur\u00eddica, inf\u00f3rmeme con anticipaci\u00f3n (informaci\u00f3n de la aseguradora, duraci\u00f3n de la afiliaci\u00f3n). Por supuesto, tambi\u00e9n trabajo junto con el seguro de gastos legales. Con mucho gusto procesar\u00e9 una solicitud de reembolso de costos para su solicitud espec\u00edfica en su seguro de gastos legales. Es posible que su compa\u00f1\u00eda de seguros asuma todos los costos legales y de otro tipo.[\/vc_column_text][vc_separator type=\u00bbtransparent\u00bb up=\u00bb0&#8243; down=\u00bb20&#8243;][vc_empty_space][\/vc_column][\/vc_row][vc_row css_animation=\u00bb\u00bb row_type=\u00bbrow\u00bb use_row_as_full_screen_section=\u00bbno\u00bb type=\u00bbfull_width\u00bb angled_section=\u00bbno\u00bb text_align=\u00bbleft\u00bb background_image_as_pattern=\u00bbwithout_pattern\u00bb][vc_column][vc_separator type=\u00bbtransparent\u00bb up=\u00bb0&#8243; down=\u00bb0&#8243;][\/vc_column][\/vc_row][vc_row css_animation=\u00bb\u00bb row_type=\u00bbrow\u00bb use_row_as_full_screen_section=\u00bbno\u00bb type=\u00bbgrid\u00bb angled_section=\u00bbno\u00bb text_align=\u00bbleft\u00bb background_image_as_pattern=\u00bbwithout_pattern\u00bb background_color=\u00bb#ffffff\u00bb padding_top=\u00bb87&#8243; css=\u00bb.vc_custom_1513762515442{background-color: #7fbadc !important;}\u00bb z_index=\u00bb\u00bb][vc_column width=\u00bb1\/2&#8243;][vc_separator type=\u00bbtransparent\u00bb up=\u00bb4&#8243; down=\u00bb0&#8243;][vc_column_text]<\/p>\n<h2>Consulta inicial<\/h2>\n<p>[\/vc_column_text][vc_separator type=\u00bbsmall\u00bb position=\u00bbleft\u00bb up=\u00bb20&#8243; down=\u00bb20&#8243;][vc_column_text]Como parte de una consulta inicial, me gustar\u00eda proporcionarle informaci\u00f3n sobre una evaluaci\u00f3n profesional de su situaci\u00f3n y los posibles pasos adicionales desde mi enfoque. Para la consulta inicial se le cobrar\u00e1 una tarifa de 190.00 \u20ac (m\u00e1s 19% de IVA). Una breve declaraci\u00f3n por escrito la recibir\u00e1 desde 250,00 \u20ac (m\u00e1s 19% de IVA), independientemente del \u00e1rea legal.<br \/>\nExpl\u00edqueme por favor hoy mismo su objetivo de su consulta, para que pueda trabajar para usted lo mejor posible. En caso de que no est\u00e9 disponible debido a numerosas citas fuera de la ciudad, le devolvemos la llamada en breve.[\/vc_column_text][vc_separator type=\u00bbtransparent\u00bb up=\u00bb0&#8243; down=\u00bb20&#8243;][vc_separator type=\u00bbtransparent\u00bb up=\u00bb15&#8243; down=\u00bb0&#8243;][\/vc_column][vc_column width=\u00bb1\/2&#8243;][vc_separator type=\u00bbtransparent\u00bb up=\u00bb7&#8243; down=\u00bb0&#8243;][vc_single_image image=\u00bb17119&#8243; img_size=\u00bbfull\u00bb qode_css_animation=\u00bbelement_from_right\u00bb transition_delay=\u00bb0.3&#8243;][vc_empty_space][\/vc_column][\/vc_row][vc_row css_animation=\u00bb\u00bb row_type=\u00bbrow\u00bb use_row_as_full_screen_section=\u00bbno\u00bb type=\u00bbgrid\u00bb angled_section=\u00bbno\u00bb text_align=\u00bbleft\u00bb background_image_as_pattern=\u00bbwithout_pattern\u00bb padding_top=\u00bb50&#8243; z_index=\u00bb\u00bb][vc_column][vc_separator type=\u00bbtransparent\u00bb up=\u00bb7&#8243; down=\u00bb0&#8243;][vc_column_text]<b>Como parte de mis principales asuntos legales europeos e internacionales, estoy de acuerdo en ofrecerles una tarifa plana y una tarifa por hora por mis servicios. Eso incluye las respectivas traducciones elaboradas para los tribunales, as\u00ed como a terceros, etc. y cualquier correspondencia. En cuanto a su contratacion queremos que pueda confiar plenamenta en su Abogada.<\/b><\/p>\n<p>[\/vc_column_text][vc_separator type=\u00bbsmall\u00bb position=\u00bbleft\u00bb up=\u00bb20&#8243; down=\u00bb20&#8243;][vc_empty_space][\/vc_column][\/vc_row][vc_row css_animation=\u00bb\u00bb row_type=\u00bbrow\u00bb use_row_as_full_screen_section=\u00bbno\u00bb type=\u00bbfull_width\u00bb angled_section=\u00bbno\u00bb text_align=\u00bbleft\u00bb background_image_as_pattern=\u00bbwithout_pattern\u00bb][vc_column][vc_separator type=\u00bbtransparent\u00bb up=\u00bb0&#8243; down=\u00bb0&#8243;][\/vc_column][\/vc_row][vc_row css_animation=\u00bb\u00bb row_type=\u00bbrow\u00bb use_row_as_full_screen_section=\u00bbno\u00bb type=\u00bbfull_width\u00bb angled_section=\u00bbno\u00bb text_align=\u00bbleft\u00bb background_image_as_pattern=\u00bbwithout_pattern\u00bb background_color=\u00bb#ffffff\u00bb][vc_column][vc_separator type=\u00bbtransparent\u00bb up=\u00bb0&#8243; down=\u00bb0&#8243;][\/vc_column][\/vc_row][vc_row css_animation=\u00bb\u00bb row_type=\u00bbrow\u00bb use_row_as_full_screen_section=\u00bbno\u00bb type=\u00bbfull_width\u00bb angled_section=\u00bbno\u00bb text_align=\u00bbleft\u00bb background_image_as_pattern=\u00bbwithout_pattern\u00bb][vc_column][vc_column_text]<\/p>\n<p>[\/vc_column_text][\/vc_column][\/vc_row][vc_row css_animation=\u00bb\u00bb row_type=\u00bbrow\u00bb use_row_as_full_screen_section=\u00bbno\u00bb type=\u00bbgrid\u00bb angled_section=\u00bbno\u00bb text_align=\u00bbleft\u00bb background_image_as_pattern=\u00bbwithout_pattern\u00bb css=\u00bb.vc_custom_1673884340517{padding-top: 40px !important;padding-bottom: 50px !important;}\u00bb z_index=\u00bb\u00bb][vc_column width=\u00bb1\/2&#8243; el_id=\u00bbjobs\u00bb][vc_column_text]<\/p>\n<h2><span class=\"VIiyi\" lang=\"es\"><span class=\"JLqJ4b ChMk0b\" data-language-for-alternatives=\"es\" data-language-to-translate-into=\"de\" data-phrase-index=\"0\">Ponerse en contacto&#8230;<\/span><\/span><\/h2>\n<p>[\/vc_column_text][vc_empty_space][vc_column_text]<strong><span lang=\"es\">Vera Zambrano &amp; Team<br \/>\n(n\u00e9e Vera Mueller)<br \/>\nbufete de abogados<br \/>\nDerecho internacional<\/span><\/strong><span lang=\"es\"><br \/>\n<\/span><span lang=\"es\"><br \/>\nKurf\u00fcrstendamm 234, 10719 Berlin<br \/>\n<\/span><\/p>\n<p><span lang=\"es\"><br \/>\nTel: +49 30 303660260<br \/>\nTel.: <a href=\"tel:+13053289556\">+1 305 328-9556<\/a><br \/>\nFax: 030 3036 60259<br \/>\nMail: <a href=\"mailto:info@lawyer-berlin.com\" target=\"_blank\" rel=\"noopener\">info@lawyer-berlin.com<\/a><\/span>[\/vc_column_text][vc_separator type=\u00bbnormal\u00bb color=\u00bb#a69374&#8243;][vc_column_text]<span lang=\"es\">Tenga en cuenta: <\/span><\/p>\n<p><span lang=\"es\">Las horas de consulta se programan individualmente.<br \/>\n<\/span><span lang=\"es\">Las citas se pueden hacer por tel\u00e9fono. <\/span>[\/vc_column_text][vc_separator type=\u00bbnormal\u00bb color=\u00bb#a69374&#8243;][vc_raw_html]JTVCaWNvbnMlMjBpY29uJTNEJTIyZmEtZmFjZWJvb2slMjIlMjBzaXplJTNEJTIyZmEtbGclMjIlMjBjdXN0b21fc2l6ZSUzRCUyMjMxJTIyJTIwdHlwZSUzRCUyMmNpcmNsZSUyMiUyMGJvcmRlciUzRCUyMnllcyUyMiUyMGxpbmslM0QlMjJodHRwcyUzQSUyRiUyRnd3dy5mYWNlYm9vay5jb20lMkZMYXdGaXJtVi5NdWVsbGVyJTJGJTIyJTIwdGFyZ2V0JTNEJTIyX2JsYW5rJTIyJTIwaWNvbl9jb2xvciUzRCUyMiUyM2ZmZmZmZiUyMiUyMGJhY2tncm91bmRfY29sb3IlM0QlMjIlMjM0NTU2NjMlMjIlMjBtYXJnaW4lM0QlMjIwJTIwMCUyMDAlMjAwJTIyJTVEJTVCaWNvbnMlMjBpY29uJTNEJTIyZmEtbGlua2VkaW4lMjIlMjBzaXplJTNEJTIyZmEtbGclMjIlMjBjdXN0b21fc2l6ZSUzRCUyMjMxJTIyJTIwdHlwZSUzRCUyMmNpcmNsZSUyMiUyMGJvcmRlciUzRCUyMnllcyUyMiUyMGxpbmslM0QlMjJodHRwcyUzQSUyRiUyRnd3dy5saW5rZWRpbi5jb20lMkZpbiUyRnZlcmEtbXVlbGxlci1sZWhuZXJ0LTExNTczNjE0OSUyRiUyMiUyMHRhcmdldCUzRCUyMl9ibGFuayUyMiUyMGljb25fY29sb3IlM0QlMjIlMjNmZmZmZmYlMjIlMjBiYWNrZ3JvdW5kX2NvbG9yJTNEJTIyJTIzNDU1NjYzJTIyJTIwbWFyZ2luJTNEJTIyMCUyMDAlMjAwJTIwMCUyMiU1RCUwQSUwQSUzQ3N0cm9uZyUzRSUzQ3NwYW4lMjBzdHlsZSUzRCUyMmNvbG9yJTNBJTIwJTIzZmZmZmZmJTNCJTIwZm9udC1zaXplJTNBJTIwMTNwdCUzQiUyMiUzRSUzQ2ElMjBzdHlsZSUzRCUyMmNvbG9yJTNBJTIwJTIzMDAwMDAwJTNCJTIyJTIwaHJlZiUzRCUyMmh0dHBzJTNBJTJGJTJGd3d3LmFud2FsdC5kZSUyRnZlcmEtbXVlbGxlciUyMiUyMHRhcmdldCUzRCUyMl9ibGFuayUyMiUyMHJlbCUzRCUyMm5vb3BlbmVyJTIwbm9yZWZlcnJlciUyMiUzRWFib2dhZG8lMjAlMkYlMjBwZXJmaWwlMjBkZSUyMEFud2FsdC5kZSUzQyUyRmElM0UlM0MlMkZzcGFuJTNFJTNDJTJGc3Ryb25nJTNF[\/vc_raw_html][vc_separator type=\u00bbtransparent\u00bb up=\u00bb6&#8243; down=\u00bb6&#8243;][vc_empty_space][\/vc_column][vc_column width=\u00bb1\/2&#8243;][vc_column_text]<\/p>\n<h2><span class=\"VIiyi\" lang=\"es\"><span class=\"JLqJ4b ChMk0b\" data-language-for-alternatives=\"es\" data-language-to-translate-into=\"de\" data-phrase-index=\"0\">Formulario de contacto<\/span><\/span><\/h2>\n<p>[\/vc_column_text][vc_empty_space][vc_raw_html]JTVCZmMlMjBpZCUzRCUyNzQlMjclNUQlNUIlMkZmYyU1RA==[\/vc_raw_html][vc_empty_space][\/vc_column][\/vc_row]<\/p>\n<\/div>","protected":false},"excerpt":{"rendered":"<p>[vc_row css_animation=\u00bb\u00bb row_type=\u00bbrow\u00bb use_row_as_full_screen_section=\u00bbno\u00bb type=\u00bbgrid\u00bb angled_section=\u00bbno\u00bb text_align=\u00bbleft\u00bb background_image_as_pattern=\u00bbwithout_pattern\u00bb css=\u00bb.vc_custom_1516722694940{padding-top: 50px !important;background-color: #afc9db!important;}\u00bb z_index=\u00bb\u00bb][vc_column width=\u00bb1\/2&#8243;][vc_separator type=\u00bbtransparent\u00bb up=\u00bb7&#8243; down=\u00bb0&#8243;][vc_column_text] Principios [\/vc_column_text][vc_separator type=\u00bbsmall\u00bb position=\u00bbleft\u00bb up=\u00bb20&#8243; down=\u00bb20&#8243;][vc_column_text]El costo del asesoramiento legal y la representaci\u00f3n se basan generalmente en las disposiciones legales, la Ley de Remuneraci\u00f3n de Abogados (RVG). La&#8230;<\/p>\n","protected":false},"author":2,"featured_media":0,"parent":0,"menu_order":0,"comment_status":"closed","ping_status":"closed","template":"full_width.php","meta":{"footnotes":""},"class_list":["post-17342","page","type-page","status-publish","hentry"],"yoast_head":"<!-- This site is optimized with the Yoast SEO plugin v25.8 - https:\/\/yoast.com\/wordpress\/plugins\/seo\/ -->\n<title>El costo del asesoramiento legal \u2705 Abogada Vera Zambrano<\/title>\n<meta name=\"description\" content=\"El costo del asesoramiento legal \u2705 La abogada Vera Zambrano &amp; Team \u2705 Ley internacional \u2706 +49 30 303660260 \u2706 (+1)305 328-9556\" \/>\n<meta name=\"robots\" content=\"index, follow, max-snippet:-1, max-image-preview:large, max-video-preview:-1\" \/>\n<link rel=\"canonical\" href=\"https:\/\/rechtsanwalt-berlin-charlottenburg.de\/es\/el-costo-del-asesoramiento-legal\/\" \/>\n<meta property=\"og:locale\" content=\"es_ES\" \/>\n<meta property=\"og:type\" content=\"article\" \/>\n<meta property=\"og:title\" content=\"El costo del asesoramiento legal \u2705 Abogada Vera Zambrano\" \/>\n<meta property=\"og:description\" content=\"El costo del asesoramiento legal \u2705 La abogada Vera Zambrano &amp; Team \u2705 Ley internacional \u2706 +49 30 303660260 \u2706 (+1)305 328-9556\" \/>\n<meta property=\"og:url\" content=\"https:\/\/rechtsanwalt-berlin-charlottenburg.de\/es\/el-costo-del-asesoramiento-legal\/\" \/>\n<meta name=\"twitter:card\" content=\"summary_large_image\" \/>\n<meta name=\"twitter:label1\" content=\"Tiempo de lectura\" \/>\n\t<meta name=\"twitter:data1\" content=\"3 minutos\" \/>\n<script type=\"application\/ld+json\" class=\"yoast-schema-graph\">{\"@context\":\"https:\/\/schema.org\",\"@graph\":[{\"@type\":\"WebPage\",\"@id\":\"https:\/\/rechtsanwalt-berlin-charlottenburg.de\/es\/el-costo-del-asesoramiento-legal\/\",\"url\":\"https:\/\/rechtsanwalt-berlin-charlottenburg.de\/es\/el-costo-del-asesoramiento-legal\/\",\"name\":\"El costo del asesoramiento legal \u2705 Abogada Vera Zambrano\",\"isPartOf\":{\"@id\":\"https:\/\/rechtsanwalt-berlin-charlottenburg.de\/#website\"},\"datePublished\":\"2023-08-22T19:13:57+00:00\",\"description\":\"El costo del asesoramiento legal \u2705 La abogada Vera Zambrano & Team \u2705 Ley internacional \u2706 +49 30 303660260 \u2706 (+1)305 328-9556\",\"breadcrumb\":{\"@id\":\"https:\/\/rechtsanwalt-berlin-charlottenburg.de\/es\/el-costo-del-asesoramiento-legal\/#breadcrumb\"},\"inLanguage\":\"es\",\"potentialAction\":[{\"@type\":\"ReadAction\",\"target\":[\"https:\/\/rechtsanwalt-berlin-charlottenburg.de\/es\/el-costo-del-asesoramiento-legal\/\"]}]},{\"@type\":\"BreadcrumbList\",\"@id\":\"https:\/\/rechtsanwalt-berlin-charlottenburg.de\/es\/el-costo-del-asesoramiento-legal\/#breadcrumb\",\"itemListElement\":[{\"@type\":\"ListItem\",\"position\":1,\"name\":\"Startseite\",\"item\":\"https:\/\/rechtsanwalt-berlin-charlottenburg.de\/es\/la-abogada-vera-mueller-usa-miami-2-2\/\"},{\"@type\":\"ListItem\",\"position\":2,\"name\":\"El costo del asesoramiento legal\"}]},{\"@type\":\"WebSite\",\"@id\":\"https:\/\/rechtsanwalt-berlin-charlottenburg.de\/#website\",\"url\":\"https:\/\/rechtsanwalt-berlin-charlottenburg.de\/\",\"name\":\"\",\"description\":\"\",\"publisher\":{\"@id\":\"https:\/\/rechtsanwalt-berlin-charlottenburg.de\/#organization\"},\"potentialAction\":[{\"@type\":\"SearchAction\",\"target\":{\"@type\":\"EntryPoint\",\"urlTemplate\":\"https:\/\/rechtsanwalt-berlin-charlottenburg.de\/?s={search_term_string}\"},\"query-input\":{\"@type\":\"PropertyValueSpecification\",\"valueRequired\":true,\"valueName\":\"search_term_string\"}}],\"inLanguage\":\"es\"},{\"@type\":\"Organization\",\"@id\":\"https:\/\/rechtsanwalt-berlin-charlottenburg.de\/#organization\",\"name\":\"Rechtsanwaltskanzlei - Rechtsanw\u00e4ltin Vera Mueller & Team\",\"url\":\"https:\/\/rechtsanwalt-berlin-charlottenburg.de\/\",\"logo\":{\"@type\":\"ImageObject\",\"inLanguage\":\"es\",\"@id\":\"https:\/\/rechtsanwalt-berlin-charlottenburg.de\/#\/schema\/logo\/image\/\",\"url\":\"https:\/\/rechtsanwalt-berlin-charlottenburg.de\/wp-content\/uploads\/rechtsanwalt-berlin-deutschland-lawyer-usa-miami-vera-mueller.jpeg\",\"contentUrl\":\"https:\/\/rechtsanwalt-berlin-charlottenburg.de\/wp-content\/uploads\/rechtsanwalt-berlin-deutschland-lawyer-usa-miami-vera-mueller.jpeg\",\"width\":678,\"height\":817,\"caption\":\"Rechtsanwaltskanzlei - Rechtsanw\u00e4ltin Vera Mueller & Team\"},\"image\":{\"@id\":\"https:\/\/rechtsanwalt-berlin-charlottenburg.de\/#\/schema\/logo\/image\/\"}}]}<\/script>\n<!-- \/ Yoast SEO plugin. -->","yoast_head_json":{"title":"El costo del asesoramiento legal \u2705 Abogada Vera Zambrano","description":"El costo del asesoramiento legal \u2705 La abogada Vera Zambrano & Team \u2705 Ley internacional \u2706 +49 30 303660260 \u2706 (+1)305 328-9556","robots":{"index":"index","follow":"follow","max-snippet":"max-snippet:-1","max-image-preview":"max-image-preview:large","max-video-preview":"max-video-preview:-1"},"canonical":"https:\/\/rechtsanwalt-berlin-charlottenburg.de\/es\/el-costo-del-asesoramiento-legal\/","og_locale":"es_ES","og_type":"article","og_title":"El costo del asesoramiento legal \u2705 Abogada Vera Zambrano","og_description":"El costo del asesoramiento legal \u2705 La abogada Vera Zambrano & Team \u2705 Ley internacional \u2706 +49 30 303660260 \u2706 (+1)305 328-9556","og_url":"https:\/\/rechtsanwalt-berlin-charlottenburg.de\/es\/el-costo-del-asesoramiento-legal\/","twitter_card":"summary_large_image","twitter_misc":{"Tiempo de lectura":"3 minutos"},"schema":{"@context":"https:\/\/schema.org","@graph":[{"@type":"WebPage","@id":"https:\/\/rechtsanwalt-berlin-charlottenburg.de\/es\/el-costo-del-asesoramiento-legal\/","url":"https:\/\/rechtsanwalt-berlin-charlottenburg.de\/es\/el-costo-del-asesoramiento-legal\/","name":"El costo del asesoramiento legal \u2705 Abogada Vera Zambrano","isPartOf":{"@id":"https:\/\/rechtsanwalt-berlin-charlottenburg.de\/#website"},"datePublished":"2023-08-22T19:13:57+00:00","description":"El costo del asesoramiento legal \u2705 La abogada Vera Zambrano & Team \u2705 Ley internacional \u2706 +49 30 303660260 \u2706 (+1)305 328-9556","breadcrumb":{"@id":"https:\/\/rechtsanwalt-berlin-charlottenburg.de\/es\/el-costo-del-asesoramiento-legal\/#breadcrumb"},"inLanguage":"es","potentialAction":[{"@type":"ReadAction","target":["https:\/\/rechtsanwalt-berlin-charlottenburg.de\/es\/el-costo-del-asesoramiento-legal\/"]}]},{"@type":"BreadcrumbList","@id":"https:\/\/rechtsanwalt-berlin-charlottenburg.de\/es\/el-costo-del-asesoramiento-legal\/#breadcrumb","itemListElement":[{"@type":"ListItem","position":1,"name":"Startseite","item":"https:\/\/rechtsanwalt-berlin-charlottenburg.de\/es\/la-abogada-vera-mueller-usa-miami-2-2\/"},{"@type":"ListItem","position":2,"name":"El costo del asesoramiento legal"}]},{"@type":"WebSite","@id":"https:\/\/rechtsanwalt-berlin-charlottenburg.de\/#website","url":"https:\/\/rechtsanwalt-berlin-charlottenburg.de\/","name":"","description":"","publisher":{"@id":"https:\/\/rechtsanwalt-berlin-charlottenburg.de\/#organization"},"potentialAction":[{"@type":"SearchAction","target":{"@type":"EntryPoint","urlTemplate":"https:\/\/rechtsanwalt-berlin-charlottenburg.de\/?s={search_term_string}"},"query-input":{"@type":"PropertyValueSpecification","valueRequired":true,"valueName":"search_term_string"}}],"inLanguage":"es"},{"@type":"Organization","@id":"https:\/\/rechtsanwalt-berlin-charlottenburg.de\/#organization","name":"Rechtsanwaltskanzlei - Rechtsanw\u00e4ltin Vera Mueller & Team","url":"https:\/\/rechtsanwalt-berlin-charlottenburg.de\/","logo":{"@type":"ImageObject","inLanguage":"es","@id":"https:\/\/rechtsanwalt-berlin-charlottenburg.de\/#\/schema\/logo\/image\/","url":"https:\/\/rechtsanwalt-berlin-charlottenburg.de\/wp-content\/uploads\/rechtsanwalt-berlin-deutschland-lawyer-usa-miami-vera-mueller.jpeg","contentUrl":"https:\/\/rechtsanwalt-berlin-charlottenburg.de\/wp-content\/uploads\/rechtsanwalt-berlin-deutschland-lawyer-usa-miami-vera-mueller.jpeg","width":678,"height":817,"caption":"Rechtsanwaltskanzlei - Rechtsanw\u00e4ltin Vera Mueller & Team"},"image":{"@id":"https:\/\/rechtsanwalt-berlin-charlottenburg.de\/#\/schema\/logo\/image\/"}}]}},"_links":{"self":[{"href":"https:\/\/rechtsanwalt-berlin-charlottenburg.de\/es\/wp-json\/wp\/v2\/pages\/17342","targetHints":{"allow":["GET"]}}],"collection":[{"href":"https:\/\/rechtsanwalt-berlin-charlottenburg.de\/es\/wp-json\/wp\/v2\/pages"}],"about":[{"href":"https:\/\/rechtsanwalt-berlin-charlottenburg.de\/es\/wp-json\/wp\/v2\/types\/page"}],"author":[{"embeddable":true,"href":"https:\/\/rechtsanwalt-berlin-charlottenburg.de\/es\/wp-json\/wp\/v2\/users\/2"}],"replies":[{"embeddable":true,"href":"https:\/\/rechtsanwalt-berlin-charlottenburg.de\/es\/wp-json\/wp\/v2\/comments?post=17342"}],"version-history":[{"count":1,"href":"https:\/\/rechtsanwalt-berlin-charlottenburg.de\/es\/wp-json\/wp\/v2\/pages\/17342\/revisions"}],"predecessor-version":[{"id":17753,"href":"https:\/\/rechtsanwalt-berlin-charlottenburg.de\/es\/wp-json\/wp\/v2\/pages\/17342\/revisions\/17753"}],"wp:attachment":[{"href":"https:\/\/rechtsanwalt-berlin-charlottenburg.de\/es\/wp-json\/wp\/v2\/media?parent=17342"}],"curies":[{"name":"wp","href":"https:\/\/api.w.org\/{rel}","templated":true}]}}